{"id":639,"date":"2024-10-22T13:53:16","date_gmt":"2024-10-22T13:53:16","guid":{"rendered":"https:\/\/bananabikecanarias.com\/?post_type=product&#038;p=639"},"modified":"2025-11-11T13:47:40","modified_gmt":"2025-11-11T13:47:40","slug":"lapierre-overvolt-ht-4-5","status":"publish","type":"product","link":"https:\/\/bananabikecanarias.com\/es\/e-bikes\/lapierre-overvolt-ht-4-5\/","title":{"rendered":"Lapierre Overvolt HT 4.5"},"content":{"rendered":"","protected":false},"excerpt":{"rendered":"<p>Monta\u00f1a, caminos de tierra o senderos, la Overvolt HT 4.5 Mid es una BTT polivalente. Fruto de la experiencia de Lapierre, esta polivalente bicicleta mantiene unas l\u00edneas c\u00f3modas, gracias a su cuadro de aluminio Low ligero y din\u00e1mico, en cualquier circunstancia.<\/p>\n<p>La Overvolt es f\u00e1cil de manejar -especialmente en carreteras irregulares- y ofrece una gran estabilidad de marcha, incluso a velocidades superiores a 25 km\/h. El sistema de asistencia el\u00e9ctrica Active Line Plus de Bosch proporciona una capacidad de respuesta que es apreciada por todos los ciclistas. Sensible y agradable de conducir, esta e-bike es imprescindible en la categor\u00eda de deporte\/senderismo.<\/p>\n","protected":false},"featured_media":273,"comment_status":"open","ping_status":"closed","template":"","meta":{"_joinchat":[]},"product_brand":[],"product_cat":[48],"product_tag":[],"class_list":{"0":"post-639","1":"product","2":"type-product","3":"status-publish","4":"has-post-thumbnail","6":"product_cat-e-bikes","8":"first","9":"instock","10":"taxable","11":"shipping-taxable","12":"purchasable","13":"product-type-ovabrw_car_rental"},"yoast_head":"<!-- This site is optimized with the Yoast SEO plugin v27.5 - https:\/\/yoast.com\/product\/yoast-seo-wordpress\/ -->\n<title>Lapierre Overvolt HT 4.5 - Banana Bike Canarias<\/title>\n<meta name=\"robots\" content=\"index, follow, max-snippet:-1, max-image-preview:large, max-video-preview:-1\" \/>\n<link rel=\"canonical\" href=\"https:\/\/bananabikecanarias.com\/es\/e-bikes\/lapierre-overvolt-ht-4-5\/\" \/>\n<meta property=\"og:locale\" content=\"es_ES\" \/>\n<meta property=\"og:type\" content=\"article\" \/>\n<meta property=\"og:title\" content=\"Lapierre Overvolt HT 4.5 - Banana Bike Canarias\" \/>\n<meta property=\"og:description\" content=\"Monta\u00f1a, caminos de tierra o senderos, la Overvolt HT 4.5 Mid es una BTT polivalente. Fruto de la experiencia de Lapierre, esta polivalente bicicleta mantiene unas l\u00edneas c\u00f3modas, gracias a su cuadro de aluminio Low ligero y din\u00e1mico, en cualquier circunstancia.  La Overvolt es f\u00e1cil de manejar -especialmente en carreteras irregulares- y ofrece una gran estabilidad de marcha, incluso a velocidades superiores a 25 km\/h. El sistema de asistencia el\u00e9ctrica Active Line Plus de Bosch proporciona una capacidad de respuesta que es apreciada por todos los ciclistas. Sensible y agradable de conducir, esta e-bike es imprescindible en la categor\u00eda de deporte\/senderismo.\" \/>\n<meta property=\"og:url\" content=\"https:\/\/bananabikecanarias.com\/es\/e-bikes\/lapierre-overvolt-ht-4-5\/\" \/>\n<meta property=\"og:site_name\" content=\"Banana Bike Canarias\" \/>\n<meta property=\"article:modified_time\" content=\"2025-11-11T13:47:40+00:00\" \/>\n<meta property=\"og:image\" content=\"https:\/\/bananabikecanarias.com\/es\/wp-content\/uploads\/sites\/5\/2024\/10\/E-BIKE.LAPIERRE-Overvolt-HT-4.5.webp\" \/>\n\t<meta property=\"og:image:width\" content=\"1200\" \/>\n\t<meta property=\"og:image:height\" content=\"800\" \/>\n\t<meta property=\"og:image:type\" content=\"image\/webp\" \/>\n<meta name=\"twitter:card\" content=\"summary_large_image\" \/>\n<meta name=\"twitter:label1\" content=\"Tiempo de lectura\" \/>\n\t<meta name=\"twitter:data1\" content=\"1 minuto\" \/>\n<script type=\"application\/ld+json\" class=\"yoast-schema-graph\">{\"@context\":\"https:\\\/\\\/schema.org\",\"@graph\":[{\"@type\":\"WebPage\",\"@id\":\"https:\\\/\\\/bananabikecanarias.com\\\/es\\\/e-bikes\\\/lapierre-overvolt-ht-4-5\\\/\",\"url\":\"https:\\\/\\\/bananabikecanarias.com\\\/es\\\/e-bikes\\\/lapierre-overvolt-ht-4-5\\\/\",\"name\":\"Lapierre Overvolt HT 4.5 - Banana Bike Canarias\",\"isPartOf\":{\"@id\":\"https:\\\/\\\/bananabikecanarias.com\\\/es\\\/#website\"},\"primaryImageOfPage\":{\"@id\":\"https:\\\/\\\/bananabikecanarias.com\\\/es\\\/e-bikes\\\/lapierre-overvolt-ht-4-5\\\/#primaryimage\"},\"image\":{\"@id\":\"https:\\\/\\\/bananabikecanarias.com\\\/es\\\/e-bikes\\\/lapierre-overvolt-ht-4-5\\\/#primaryimage\"},\"thumbnailUrl\":\"https:\\\/\\\/bananabikecanarias.com\\\/es\\\/wp-content\\\/uploads\\\/sites\\\/5\\\/2024\\\/10\\\/E-BIKE.LAPIERRE-Overvolt-HT-4.5.webp\",\"datePublished\":\"2024-10-22T13:53:16+00:00\",\"dateModified\":\"2025-11-11T13:47:40+00:00\",\"breadcrumb\":{\"@id\":\"https:\\\/\\\/bananabikecanarias.com\\\/es\\\/e-bikes\\\/lapierre-overvolt-ht-4-5\\\/#breadcrumb\"},\"inLanguage\":\"es\",\"potentialAction\":[{\"@type\":\"ReadAction\",\"target\":[\"https:\\\/\\\/bananabikecanarias.com\\\/es\\\/e-bikes\\\/lapierre-overvolt-ht-4-5\\\/\"]}]},{\"@type\":\"ImageObject\",\"inLanguage\":\"es\",\"@id\":\"https:\\\/\\\/bananabikecanarias.com\\\/es\\\/e-bikes\\\/lapierre-overvolt-ht-4-5\\\/#primaryimage\",\"url\":\"https:\\\/\\\/bananabikecanarias.com\\\/es\\\/wp-content\\\/uploads\\\/sites\\\/5\\\/2024\\\/10\\\/E-BIKE.LAPIERRE-Overvolt-HT-4.5.webp\",\"contentUrl\":\"https:\\\/\\\/bananabikecanarias.com\\\/es\\\/wp-content\\\/uploads\\\/sites\\\/5\\\/2024\\\/10\\\/E-BIKE.LAPIERRE-Overvolt-HT-4.5.webp\",\"width\":1200,\"height\":800},{\"@type\":\"BreadcrumbList\",\"@id\":\"https:\\\/\\\/bananabikecanarias.com\\\/es\\\/e-bikes\\\/lapierre-overvolt-ht-4-5\\\/#breadcrumb\",\"itemListElement\":[{\"@type\":\"ListItem\",\"position\":1,\"name\":\"Portada\",\"item\":\"https:\\\/\\\/bananabikecanarias.com\\\/es\\\/\"},{\"@type\":\"ListItem\",\"position\":2,\"name\":\"Tienda\",\"item\":\"https:\\\/\\\/bananabikecanarias.com\\\/es\\\/tienda\\\/\"},{\"@type\":\"ListItem\",\"position\":3,\"name\":\"Lapierre Overvolt HT 4.5\"}]},{\"@type\":\"WebSite\",\"@id\":\"https:\\\/\\\/bananabikecanarias.com\\\/es\\\/#website\",\"url\":\"https:\\\/\\\/bananabikecanarias.com\\\/es\\\/\",\"name\":\"Banana Bike Canarias\",\"description\":\"Renting de Bicicletas en Gran Canarias\",\"potentialAction\":[{\"@type\":\"SearchAction\",\"target\":{\"@type\":\"EntryPoint\",\"urlTemplate\":\"https:\\\/\\\/bananabikecanarias.com\\\/es\\\/?s={search_term_string}\"},\"query-input\":{\"@type\":\"PropertyValueSpecification\",\"valueRequired\":true,\"valueName\":\"search_term_string\"}}],\"inLanguage\":\"es\"}]}<\/script>\n<!-- \/ Yoast SEO plugin. -->","yoast_head_json":{"title":"Lapierre Overvolt HT 4.5 - Banana Bike Canarias","robots":{"index":"index","follow":"follow","max-snippet":"max-snippet:-1","max-image-preview":"max-image-preview:large","max-video-preview":"max-video-preview:-1"},"canonical":"https:\/\/bananabikecanarias.com\/es\/e-bikes\/lapierre-overvolt-ht-4-5\/","og_locale":"es_ES","og_type":"article","og_title":"Lapierre Overvolt HT 4.5 - Banana Bike Canarias","og_description":"Monta\u00f1a, caminos de tierra o senderos, la Overvolt HT 4.5 Mid es una BTT polivalente. Fruto de la experiencia de Lapierre, esta polivalente bicicleta mantiene unas l\u00edneas c\u00f3modas, gracias a su cuadro de aluminio Low ligero y din\u00e1mico, en cualquier circunstancia.  La Overvolt es f\u00e1cil de manejar -especialmente en carreteras irregulares- y ofrece una gran estabilidad de marcha, incluso a velocidades superiores a 25 km\/h. El sistema de asistencia el\u00e9ctrica Active Line Plus de Bosch proporciona una capacidad de respuesta que es apreciada por todos los ciclistas. Sensible y agradable de conducir, esta e-bike es imprescindible en la categor\u00eda de deporte\/senderismo.","og_url":"https:\/\/bananabikecanarias.com\/es\/e-bikes\/lapierre-overvolt-ht-4-5\/","og_site_name":"Banana Bike Canarias","article_modified_time":"2025-11-11T13:47:40+00:00","og_image":[{"width":1200,"height":800,"url":"https:\/\/bananabikecanarias.com\/es\/wp-content\/uploads\/sites\/5\/2024\/10\/E-BIKE.LAPIERRE-Overvolt-HT-4.5.webp","type":"image\/webp"}],"twitter_card":"summary_large_image","twitter_misc":{"Tiempo de lectura":"1 minuto"},"schema":{"@context":"https:\/\/schema.org","@graph":[{"@type":"WebPage","@id":"https:\/\/bananabikecanarias.com\/es\/e-bikes\/lapierre-overvolt-ht-4-5\/","url":"https:\/\/bananabikecanarias.com\/es\/e-bikes\/lapierre-overvolt-ht-4-5\/","name":"Lapierre Overvolt HT 4.5 - Banana Bike Canarias","isPartOf":{"@id":"https:\/\/bananabikecanarias.com\/es\/#website"},"primaryImageOfPage":{"@id":"https:\/\/bananabikecanarias.com\/es\/e-bikes\/lapierre-overvolt-ht-4-5\/#primaryimage"},"image":{"@id":"https:\/\/bananabikecanarias.com\/es\/e-bikes\/lapierre-overvolt-ht-4-5\/#primaryimage"},"thumbnailUrl":"https:\/\/bananabikecanarias.com\/es\/wp-content\/uploads\/sites\/5\/2024\/10\/E-BIKE.LAPIERRE-Overvolt-HT-4.5.webp","datePublished":"2024-10-22T13:53:16+00:00","dateModified":"2025-11-11T13:47:40+00:00","breadcrumb":{"@id":"https:\/\/bananabikecanarias.com\/es\/e-bikes\/lapierre-overvolt-ht-4-5\/#breadcrumb"},"inLanguage":"es","potentialAction":[{"@type":"ReadAction","target":["https:\/\/bananabikecanarias.com\/es\/e-bikes\/lapierre-overvolt-ht-4-5\/"]}]},{"@type":"ImageObject","inLanguage":"es","@id":"https:\/\/bananabikecanarias.com\/es\/e-bikes\/lapierre-overvolt-ht-4-5\/#primaryimage","url":"https:\/\/bananabikecanarias.com\/es\/wp-content\/uploads\/sites\/5\/2024\/10\/E-BIKE.LAPIERRE-Overvolt-HT-4.5.webp","contentUrl":"https:\/\/bananabikecanarias.com\/es\/wp-content\/uploads\/sites\/5\/2024\/10\/E-BIKE.LAPIERRE-Overvolt-HT-4.5.webp","width":1200,"height":800},{"@type":"BreadcrumbList","@id":"https:\/\/bananabikecanarias.com\/es\/e-bikes\/lapierre-overvolt-ht-4-5\/#breadcrumb","itemListElement":[{"@type":"ListItem","position":1,"name":"Portada","item":"https:\/\/bananabikecanarias.com\/es\/"},{"@type":"ListItem","position":2,"name":"Tienda","item":"https:\/\/bananabikecanarias.com\/es\/tienda\/"},{"@type":"ListItem","position":3,"name":"Lapierre Overvolt HT 4.5"}]},{"@type":"WebSite","@id":"https:\/\/bananabikecanarias.com\/es\/#website","url":"https:\/\/bananabikecanarias.com\/es\/","name":"Banana Bike Canarias","description":"Renting de Bicicletas en Gran Canarias","potentialAction":[{"@type":"SearchAction","target":{"@type":"EntryPoint","urlTemplate":"https:\/\/bananabikecanarias.com\/es\/?s={search_term_string}"},"query-input":{"@type":"PropertyValueSpecification","valueRequired":true,"valueName":"search_term_string"}}],"inLanguage":"es"}]}},"_links":{"self":[{"href":"https:\/\/bananabikecanarias.com\/es\/wp-json\/wp\/v2\/product\/639","targetHints":{"allow":["GET"]}}],"collection":[{"href":"https:\/\/bananabikecanarias.com\/es\/wp-json\/wp\/v2\/product"}],"about":[{"href":"https:\/\/bananabikecanarias.com\/es\/wp-json\/wp\/v2\/types\/product"}],"replies":[{"embeddable":true,"href":"https:\/\/bananabikecanarias.com\/es\/wp-json\/wp\/v2\/comments?post=639"}],"wp:featuredmedia":[{"embeddable":true,"href":"https:\/\/bananabikecanarias.com\/es\/wp-json\/wp\/v2\/media\/273"}],"wp:attachment":[{"href":"https:\/\/bananabikecanarias.com\/es\/wp-json\/wp\/v2\/media?parent=639"}],"wp:term":[{"taxonomy":"product_brand","embeddable":true,"href":"https:\/\/bananabikecanarias.com\/es\/wp-json\/wp\/v2\/product_brand?post=639"},{"taxonomy":"product_cat","embeddable":true,"href":"https:\/\/bananabikecanarias.com\/es\/wp-json\/wp\/v2\/product_cat?post=639"},{"taxonomy":"product_tag","embeddable":true,"href":"https:\/\/bananabikecanarias.com\/es\/wp-json\/wp\/v2\/product_tag?post=639"}],"curies":[{"name":"wp","href":"https:\/\/api.w.org\/{rel}","templated":true}]}}