{"id":638,"date":"2024-10-22T13:49:03","date_gmt":"2024-10-22T13:49:03","guid":{"rendered":"https:\/\/bananabikecanarias.com\/?post_type=product&#038;p=638"},"modified":"2025-05-08T16:46:35","modified_gmt":"2025-05-08T16:46:35","slug":"orbea-occam-sl-h30","status":"publish","type":"product","link":"https:\/\/bananabikecanarias.com\/es\/all-mountain-bicicletas\/orbea-occam-sl-h30\/","title":{"rendered":"Orbea Occam SL H30"},"content":{"rendered":"","protected":false},"excerpt":{"rendered":"<p>Tu bicicleta debe responder a tu forma de conducir, adapt\u00e1ndose a cualquier aventura que puedas imaginar. La Occam SL permite grandes aventuras y largas distancias. Ligera y eficiente, la \u00e1gil geometr\u00eda trail y la eficiente suspensi\u00f3n aportan fluidez y control a tus aventuras.<\/p>\n<p>Cuando un sendero te llame, descubrir\u00e1s que la Occam SL siempre va un paso por delante, haciendo que cada aventura sea m\u00e1s divertida.<\/p>\n","protected":false},"featured_media":284,"comment_status":"open","ping_status":"closed","template":"","meta":{"_joinchat":[]},"product_brand":[],"product_cat":[49],"product_tag":[],"class_list":{"0":"post-638","1":"product","2":"type-product","3":"status-publish","4":"has-post-thumbnail","6":"product_cat-all-mountain-bicicletas","8":"first","9":"instock","10":"taxable","11":"shipping-taxable","12":"purchasable","13":"product-type-ovabrw_car_rental"},"yoast_head":"<!-- This site is optimized with the Yoast SEO plugin v27.5 - https:\/\/yoast.com\/product\/yoast-seo-wordpress\/ -->\n<title>Orbea Occam SL H30 - Banana Bike Canarias<\/title>\n<meta name=\"robots\" content=\"index, follow, max-snippet:-1, max-image-preview:large, max-video-preview:-1\" \/>\n<link rel=\"canonical\" href=\"https:\/\/bananabikecanarias.com\/es\/all-mountain-bicicletas\/orbea-occam-sl-h30\/\" \/>\n<meta property=\"og:locale\" content=\"es_ES\" \/>\n<meta property=\"og:type\" content=\"article\" \/>\n<meta property=\"og:title\" content=\"Orbea Occam SL H30 - Banana Bike Canarias\" \/>\n<meta property=\"og:description\" content=\"Tu bicicleta debe responder a tu forma de conducir, adapt\u00e1ndose a cualquier aventura que puedas imaginar. La Occam SL permite grandes aventuras y largas distancias. Ligera y eficiente, la \u00e1gil geometr\u00eda trail y la eficiente suspensi\u00f3n aportan fluidez y control a tus aventuras.  Cuando un sendero te llame, descubrir\u00e1s que la Occam SL siempre va un paso por delante, haciendo que cada aventura sea m\u00e1s divertida.\" \/>\n<meta property=\"og:url\" content=\"https:\/\/bananabikecanarias.com\/es\/all-mountain-bicicletas\/orbea-occam-sl-h30\/\" \/>\n<meta property=\"og:site_name\" content=\"Banana Bike Canarias\" \/>\n<meta property=\"article:modified_time\" content=\"2025-05-08T16:46:35+00:00\" \/>\n<meta property=\"og:image\" content=\"https:\/\/bananabikecanarias.com\/es\/wp-content\/uploads\/sites\/5\/2024\/10\/ORBEA-OCCAM-SL-H30-Photoroom.png\" \/>\n\t<meta property=\"og:image:width\" content=\"1280\" \/>\n\t<meta property=\"og:image:height\" content=\"1105\" \/>\n\t<meta property=\"og:image:type\" content=\"image\/png\" \/>\n<meta name=\"twitter:card\" content=\"summary_large_image\" \/>\n<meta name=\"twitter:label1\" content=\"Tiempo de lectura\" \/>\n\t<meta name=\"twitter:data1\" content=\"1 minuto\" \/>\n<script type=\"application\/ld+json\" class=\"yoast-schema-graph\">{\"@context\":\"https:\\\/\\\/schema.org\",\"@graph\":[{\"@type\":\"WebPage\",\"@id\":\"https:\\\/\\\/bananabikecanarias.com\\\/es\\\/all-mountain-bicicletas\\\/orbea-occam-sl-h30\\\/\",\"url\":\"https:\\\/\\\/bananabikecanarias.com\\\/es\\\/all-mountain-bicicletas\\\/orbea-occam-sl-h30\\\/\",\"name\":\"Orbea Occam SL H30 - Banana Bike Canarias\",\"isPartOf\":{\"@id\":\"https:\\\/\\\/bananabikecanarias.com\\\/es\\\/#website\"},\"primaryImageOfPage\":{\"@id\":\"https:\\\/\\\/bananabikecanarias.com\\\/es\\\/all-mountain-bicicletas\\\/orbea-occam-sl-h30\\\/#primaryimage\"},\"image\":{\"@id\":\"https:\\\/\\\/bananabikecanarias.com\\\/es\\\/all-mountain-bicicletas\\\/orbea-occam-sl-h30\\\/#primaryimage\"},\"thumbnailUrl\":\"https:\\\/\\\/bananabikecanarias.com\\\/es\\\/wp-content\\\/uploads\\\/sites\\\/5\\\/2024\\\/10\\\/ORBEA-OCCAM-SL-H30-Photoroom.png\",\"datePublished\":\"2024-10-22T13:49:03+00:00\",\"dateModified\":\"2025-05-08T16:46:35+00:00\",\"breadcrumb\":{\"@id\":\"https:\\\/\\\/bananabikecanarias.com\\\/es\\\/all-mountain-bicicletas\\\/orbea-occam-sl-h30\\\/#breadcrumb\"},\"inLanguage\":\"es\",\"potentialAction\":[{\"@type\":\"ReadAction\",\"target\":[\"https:\\\/\\\/bananabikecanarias.com\\\/es\\\/all-mountain-bicicletas\\\/orbea-occam-sl-h30\\\/\"]}]},{\"@type\":\"ImageObject\",\"inLanguage\":\"es\",\"@id\":\"https:\\\/\\\/bananabikecanarias.com\\\/es\\\/all-mountain-bicicletas\\\/orbea-occam-sl-h30\\\/#primaryimage\",\"url\":\"https:\\\/\\\/bananabikecanarias.com\\\/es\\\/wp-content\\\/uploads\\\/sites\\\/5\\\/2024\\\/10\\\/ORBEA-OCCAM-SL-H30-Photoroom.png\",\"contentUrl\":\"https:\\\/\\\/bananabikecanarias.com\\\/es\\\/wp-content\\\/uploads\\\/sites\\\/5\\\/2024\\\/10\\\/ORBEA-OCCAM-SL-H30-Photoroom.png\",\"width\":1280,\"height\":1105},{\"@type\":\"BreadcrumbList\",\"@id\":\"https:\\\/\\\/bananabikecanarias.com\\\/es\\\/all-mountain-bicicletas\\\/orbea-occam-sl-h30\\\/#breadcrumb\",\"itemListElement\":[{\"@type\":\"ListItem\",\"position\":1,\"name\":\"Portada\",\"item\":\"https:\\\/\\\/bananabikecanarias.com\\\/es\\\/\"},{\"@type\":\"ListItem\",\"position\":2,\"name\":\"Tienda\",\"item\":\"https:\\\/\\\/bananabikecanarias.com\\\/es\\\/tienda\\\/\"},{\"@type\":\"ListItem\",\"position\":3,\"name\":\"Orbea Occam SL H30\"}]},{\"@type\":\"WebSite\",\"@id\":\"https:\\\/\\\/bananabikecanarias.com\\\/es\\\/#website\",\"url\":\"https:\\\/\\\/bananabikecanarias.com\\\/es\\\/\",\"name\":\"Banana Bike Canarias\",\"description\":\"Renting de Bicicletas en Gran Canarias\",\"potentialAction\":[{\"@type\":\"SearchAction\",\"target\":{\"@type\":\"EntryPoint\",\"urlTemplate\":\"https:\\\/\\\/bananabikecanarias.com\\\/es\\\/?s={search_term_string}\"},\"query-input\":{\"@type\":\"PropertyValueSpecification\",\"valueRequired\":true,\"valueName\":\"search_term_string\"}}],\"inLanguage\":\"es\"}]}<\/script>\n<!-- \/ Yoast SEO plugin. -->","yoast_head_json":{"title":"Orbea Occam SL H30 - Banana Bike Canarias","robots":{"index":"index","follow":"follow","max-snippet":"max-snippet:-1","max-image-preview":"max-image-preview:large","max-video-preview":"max-video-preview:-1"},"canonical":"https:\/\/bananabikecanarias.com\/es\/all-mountain-bicicletas\/orbea-occam-sl-h30\/","og_locale":"es_ES","og_type":"article","og_title":"Orbea Occam SL H30 - Banana Bike Canarias","og_description":"Tu bicicleta debe responder a tu forma de conducir, adapt\u00e1ndose a cualquier aventura que puedas imaginar. La Occam SL permite grandes aventuras y largas distancias. Ligera y eficiente, la \u00e1gil geometr\u00eda trail y la eficiente suspensi\u00f3n aportan fluidez y control a tus aventuras.  Cuando un sendero te llame, descubrir\u00e1s que la Occam SL siempre va un paso por delante, haciendo que cada aventura sea m\u00e1s divertida.","og_url":"https:\/\/bananabikecanarias.com\/es\/all-mountain-bicicletas\/orbea-occam-sl-h30\/","og_site_name":"Banana Bike Canarias","article_modified_time":"2025-05-08T16:46:35+00:00","og_image":[{"width":1280,"height":1105,"url":"https:\/\/bananabikecanarias.com\/es\/wp-content\/uploads\/sites\/5\/2024\/10\/ORBEA-OCCAM-SL-H30-Photoroom.png","type":"image\/png"}],"twitter_card":"summary_large_image","twitter_misc":{"Tiempo de lectura":"1 minuto"},"schema":{"@context":"https:\/\/schema.org","@graph":[{"@type":"WebPage","@id":"https:\/\/bananabikecanarias.com\/es\/all-mountain-bicicletas\/orbea-occam-sl-h30\/","url":"https:\/\/bananabikecanarias.com\/es\/all-mountain-bicicletas\/orbea-occam-sl-h30\/","name":"Orbea Occam SL H30 - Banana Bike Canarias","isPartOf":{"@id":"https:\/\/bananabikecanarias.com\/es\/#website"},"primaryImageOfPage":{"@id":"https:\/\/bananabikecanarias.com\/es\/all-mountain-bicicletas\/orbea-occam-sl-h30\/#primaryimage"},"image":{"@id":"https:\/\/bananabikecanarias.com\/es\/all-mountain-bicicletas\/orbea-occam-sl-h30\/#primaryimage"},"thumbnailUrl":"https:\/\/bananabikecanarias.com\/es\/wp-content\/uploads\/sites\/5\/2024\/10\/ORBEA-OCCAM-SL-H30-Photoroom.png","datePublished":"2024-10-22T13:49:03+00:00","dateModified":"2025-05-08T16:46:35+00:00","breadcrumb":{"@id":"https:\/\/bananabikecanarias.com\/es\/all-mountain-bicicletas\/orbea-occam-sl-h30\/#breadcrumb"},"inLanguage":"es","potentialAction":[{"@type":"ReadAction","target":["https:\/\/bananabikecanarias.com\/es\/all-mountain-bicicletas\/orbea-occam-sl-h30\/"]}]},{"@type":"ImageObject","inLanguage":"es","@id":"https:\/\/bananabikecanarias.com\/es\/all-mountain-bicicletas\/orbea-occam-sl-h30\/#primaryimage","url":"https:\/\/bananabikecanarias.com\/es\/wp-content\/uploads\/sites\/5\/2024\/10\/ORBEA-OCCAM-SL-H30-Photoroom.png","contentUrl":"https:\/\/bananabikecanarias.com\/es\/wp-content\/uploads\/sites\/5\/2024\/10\/ORBEA-OCCAM-SL-H30-Photoroom.png","width":1280,"height":1105},{"@type":"BreadcrumbList","@id":"https:\/\/bananabikecanarias.com\/es\/all-mountain-bicicletas\/orbea-occam-sl-h30\/#breadcrumb","itemListElement":[{"@type":"ListItem","position":1,"name":"Portada","item":"https:\/\/bananabikecanarias.com\/es\/"},{"@type":"ListItem","position":2,"name":"Tienda","item":"https:\/\/bananabikecanarias.com\/es\/tienda\/"},{"@type":"ListItem","position":3,"name":"Orbea Occam SL H30"}]},{"@type":"WebSite","@id":"https:\/\/bananabikecanarias.com\/es\/#website","url":"https:\/\/bananabikecanarias.com\/es\/","name":"Banana Bike Canarias","description":"Renting de Bicicletas en Gran Canarias","potentialAction":[{"@type":"SearchAction","target":{"@type":"EntryPoint","urlTemplate":"https:\/\/bananabikecanarias.com\/es\/?s={search_term_string}"},"query-input":{"@type":"PropertyValueSpecification","valueRequired":true,"valueName":"search_term_string"}}],"inLanguage":"es"}]}},"_links":{"self":[{"href":"https:\/\/bananabikecanarias.com\/es\/wp-json\/wp\/v2\/product\/638","targetHints":{"allow":["GET"]}}],"collection":[{"href":"https:\/\/bananabikecanarias.com\/es\/wp-json\/wp\/v2\/product"}],"about":[{"href":"https:\/\/bananabikecanarias.com\/es\/wp-json\/wp\/v2\/types\/product"}],"replies":[{"embeddable":true,"href":"https:\/\/bananabikecanarias.com\/es\/wp-json\/wp\/v2\/comments?post=638"}],"wp:featuredmedia":[{"embeddable":true,"href":"https:\/\/bananabikecanarias.com\/es\/wp-json\/wp\/v2\/media\/284"}],"wp:attachment":[{"href":"https:\/\/bananabikecanarias.com\/es\/wp-json\/wp\/v2\/media?parent=638"}],"wp:term":[{"taxonomy":"product_brand","embeddable":true,"href":"https:\/\/bananabikecanarias.com\/es\/wp-json\/wp\/v2\/product_brand?post=638"},{"taxonomy":"product_cat","embeddable":true,"href":"https:\/\/bananabikecanarias.com\/es\/wp-json\/wp\/v2\/product_cat?post=638"},{"taxonomy":"product_tag","embeddable":true,"href":"https:\/\/bananabikecanarias.com\/es\/wp-json\/wp\/v2\/product_tag?post=638"}],"curies":[{"name":"wp","href":"https:\/\/api.w.org\/{rel}","templated":true}]}}