{"id":632,"date":"2024-10-18T14:46:24","date_gmt":"2024-10-18T14:46:24","guid":{"rendered":"https:\/\/bananabikecanarias.com\/?post_type=product&#038;p=632"},"modified":"2025-05-08T16:46:43","modified_gmt":"2025-05-08T16:46:43","slug":"bicicleta-de-montana","status":"publish","type":"product","link":"https:\/\/bananabikecanarias.com\/es\/bicicletas-de-montana\/bicicleta-de-montana\/","title":{"rendered":"Trek Marlin"},"content":{"rendered":"","protected":false},"excerpt":{"rendered":"<p>La Marlin es una bicicleta preparada para el trail, ideal para las aventuras diarias dentro y fuera de los senderos.<\/p>\n<p>Tanto si vuelas por la ciudad, como si pruebas el ciclismo de monta\u00f1a por primera vez o te deslizas por las curvas como un experto, te encantar\u00e1 el nuevo cuadro, que ofrece m\u00e1s capacidad y un aspecto inigualable.<\/p>\n","protected":false},"featured_media":254,"comment_status":"open","ping_status":"closed","template":"","meta":{"_joinchat":[]},"product_brand":[],"product_cat":[43],"product_tag":[],"class_list":{"0":"post-632","1":"product","2":"type-product","3":"status-publish","4":"has-post-thumbnail","6":"product_cat-bicicletas-de-montana","8":"first","9":"instock","10":"taxable","11":"shipping-taxable","12":"purchasable","13":"product-type-ovabrw_car_rental"},"yoast_head":"<!-- This site is optimized with the Yoast SEO plugin v27.3 - https:\/\/yoast.com\/product\/yoast-seo-wordpress\/ -->\n<title>Trek Marlin - Banana Bike Canarias<\/title>\n<meta name=\"robots\" content=\"index, follow, max-snippet:-1, max-image-preview:large, max-video-preview:-1\" \/>\n<link rel=\"canonical\" href=\"https:\/\/bananabikecanarias.com\/es\/bicicletas-de-montana\/bicicleta-de-montana\/\" \/>\n<meta property=\"og:locale\" content=\"es_ES\" \/>\n<meta property=\"og:type\" content=\"article\" \/>\n<meta property=\"og:title\" content=\"Trek Marlin - Banana Bike Canarias\" \/>\n<meta property=\"og:description\" content=\"La Marlin es una bicicleta preparada para el trail, ideal para las aventuras diarias dentro y fuera de los senderos.  Tanto si vuelas por la ciudad, como si pruebas el ciclismo de monta\u00f1a por primera vez o te deslizas por las curvas como un experto, te encantar\u00e1 el nuevo cuadro, que ofrece m\u00e1s capacidad y un aspecto inigualable.\" \/>\n<meta property=\"og:url\" content=\"https:\/\/bananabikecanarias.com\/es\/bicicletas-de-montana\/bicicleta-de-montana\/\" \/>\n<meta property=\"og:site_name\" content=\"Banana Bike Canarias\" \/>\n<meta property=\"article:modified_time\" content=\"2025-05-08T16:46:43+00:00\" \/>\n<meta property=\"og:image\" content=\"https:\/\/bananabikecanarias.com\/es\/wp-content\/uploads\/sites\/5\/2024\/10\/Marlin5-Gen-3.webp\" \/>\n\t<meta property=\"og:image:width\" content=\"1920\" \/>\n\t<meta property=\"og:image:height\" content=\"1440\" \/>\n\t<meta property=\"og:image:type\" content=\"image\/webp\" \/>\n<meta name=\"twitter:card\" content=\"summary_large_image\" \/>\n<meta name=\"twitter:label1\" content=\"Tiempo de lectura\" \/>\n\t<meta name=\"twitter:data1\" content=\"1 minuto\" \/>\n<script type=\"application\/ld+json\" class=\"yoast-schema-graph\">{\"@context\":\"https:\\\/\\\/schema.org\",\"@graph\":[{\"@type\":\"WebPage\",\"@id\":\"https:\\\/\\\/bananabikecanarias.com\\\/es\\\/bicicletas-de-montana\\\/bicicleta-de-montana\\\/\",\"url\":\"https:\\\/\\\/bananabikecanarias.com\\\/es\\\/bicicletas-de-montana\\\/bicicleta-de-montana\\\/\",\"name\":\"Trek Marlin - Banana Bike Canarias\",\"isPartOf\":{\"@id\":\"https:\\\/\\\/bananabikecanarias.com\\\/es\\\/#website\"},\"primaryImageOfPage\":{\"@id\":\"https:\\\/\\\/bananabikecanarias.com\\\/es\\\/bicicletas-de-montana\\\/bicicleta-de-montana\\\/#primaryimage\"},\"image\":{\"@id\":\"https:\\\/\\\/bananabikecanarias.com\\\/es\\\/bicicletas-de-montana\\\/bicicleta-de-montana\\\/#primaryimage\"},\"thumbnailUrl\":\"https:\\\/\\\/bananabikecanarias.com\\\/es\\\/wp-content\\\/uploads\\\/sites\\\/5\\\/2024\\\/10\\\/Marlin5-Gen-3.webp\",\"datePublished\":\"2024-10-18T14:46:24+00:00\",\"dateModified\":\"2025-05-08T16:46:43+00:00\",\"breadcrumb\":{\"@id\":\"https:\\\/\\\/bananabikecanarias.com\\\/es\\\/bicicletas-de-montana\\\/bicicleta-de-montana\\\/#breadcrumb\"},\"inLanguage\":\"es\",\"potentialAction\":[{\"@type\":\"ReadAction\",\"target\":[\"https:\\\/\\\/bananabikecanarias.com\\\/es\\\/bicicletas-de-montana\\\/bicicleta-de-montana\\\/\"]}]},{\"@type\":\"ImageObject\",\"inLanguage\":\"es\",\"@id\":\"https:\\\/\\\/bananabikecanarias.com\\\/es\\\/bicicletas-de-montana\\\/bicicleta-de-montana\\\/#primaryimage\",\"url\":\"https:\\\/\\\/bananabikecanarias.com\\\/es\\\/wp-content\\\/uploads\\\/sites\\\/5\\\/2024\\\/10\\\/Marlin5-Gen-3.webp\",\"contentUrl\":\"https:\\\/\\\/bananabikecanarias.com\\\/es\\\/wp-content\\\/uploads\\\/sites\\\/5\\\/2024\\\/10\\\/Marlin5-Gen-3.webp\",\"width\":1920,\"height\":1440},{\"@type\":\"BreadcrumbList\",\"@id\":\"https:\\\/\\\/bananabikecanarias.com\\\/es\\\/bicicletas-de-montana\\\/bicicleta-de-montana\\\/#breadcrumb\",\"itemListElement\":[{\"@type\":\"ListItem\",\"position\":1,\"name\":\"Portada\",\"item\":\"https:\\\/\\\/bananabikecanarias.com\\\/es\\\/\"},{\"@type\":\"ListItem\",\"position\":2,\"name\":\"Tienda\",\"item\":\"https:\\\/\\\/bananabikecanarias.com\\\/es\\\/tienda\\\/\"},{\"@type\":\"ListItem\",\"position\":3,\"name\":\"Trek Marlin\"}]},{\"@type\":\"WebSite\",\"@id\":\"https:\\\/\\\/bananabikecanarias.com\\\/es\\\/#website\",\"url\":\"https:\\\/\\\/bananabikecanarias.com\\\/es\\\/\",\"name\":\"Banana Bike Canarias\",\"description\":\"Renting de Bicicletas en Gran Canarias\",\"potentialAction\":[{\"@type\":\"SearchAction\",\"target\":{\"@type\":\"EntryPoint\",\"urlTemplate\":\"https:\\\/\\\/bananabikecanarias.com\\\/es\\\/?s={search_term_string}\"},\"query-input\":{\"@type\":\"PropertyValueSpecification\",\"valueRequired\":true,\"valueName\":\"search_term_string\"}}],\"inLanguage\":\"es\"}]}<\/script>\n<!-- \/ Yoast SEO plugin. -->","yoast_head_json":{"title":"Trek Marlin - Banana Bike Canarias","robots":{"index":"index","follow":"follow","max-snippet":"max-snippet:-1","max-image-preview":"max-image-preview:large","max-video-preview":"max-video-preview:-1"},"canonical":"https:\/\/bananabikecanarias.com\/es\/bicicletas-de-montana\/bicicleta-de-montana\/","og_locale":"es_ES","og_type":"article","og_title":"Trek Marlin - Banana Bike Canarias","og_description":"La Marlin es una bicicleta preparada para el trail, ideal para las aventuras diarias dentro y fuera de los senderos.  Tanto si vuelas por la ciudad, como si pruebas el ciclismo de monta\u00f1a por primera vez o te deslizas por las curvas como un experto, te encantar\u00e1 el nuevo cuadro, que ofrece m\u00e1s capacidad y un aspecto inigualable.","og_url":"https:\/\/bananabikecanarias.com\/es\/bicicletas-de-montana\/bicicleta-de-montana\/","og_site_name":"Banana Bike Canarias","article_modified_time":"2025-05-08T16:46:43+00:00","og_image":[{"width":1920,"height":1440,"url":"https:\/\/bananabikecanarias.com\/es\/wp-content\/uploads\/sites\/5\/2024\/10\/Marlin5-Gen-3.webp","type":"image\/webp"}],"twitter_card":"summary_large_image","twitter_misc":{"Tiempo de lectura":"1 minuto"},"schema":{"@context":"https:\/\/schema.org","@graph":[{"@type":"WebPage","@id":"https:\/\/bananabikecanarias.com\/es\/bicicletas-de-montana\/bicicleta-de-montana\/","url":"https:\/\/bananabikecanarias.com\/es\/bicicletas-de-montana\/bicicleta-de-montana\/","name":"Trek Marlin - Banana Bike Canarias","isPartOf":{"@id":"https:\/\/bananabikecanarias.com\/es\/#website"},"primaryImageOfPage":{"@id":"https:\/\/bananabikecanarias.com\/es\/bicicletas-de-montana\/bicicleta-de-montana\/#primaryimage"},"image":{"@id":"https:\/\/bananabikecanarias.com\/es\/bicicletas-de-montana\/bicicleta-de-montana\/#primaryimage"},"thumbnailUrl":"https:\/\/bananabikecanarias.com\/es\/wp-content\/uploads\/sites\/5\/2024\/10\/Marlin5-Gen-3.webp","datePublished":"2024-10-18T14:46:24+00:00","dateModified":"2025-05-08T16:46:43+00:00","breadcrumb":{"@id":"https:\/\/bananabikecanarias.com\/es\/bicicletas-de-montana\/bicicleta-de-montana\/#breadcrumb"},"inLanguage":"es","potentialAction":[{"@type":"ReadAction","target":["https:\/\/bananabikecanarias.com\/es\/bicicletas-de-montana\/bicicleta-de-montana\/"]}]},{"@type":"ImageObject","inLanguage":"es","@id":"https:\/\/bananabikecanarias.com\/es\/bicicletas-de-montana\/bicicleta-de-montana\/#primaryimage","url":"https:\/\/bananabikecanarias.com\/es\/wp-content\/uploads\/sites\/5\/2024\/10\/Marlin5-Gen-3.webp","contentUrl":"https:\/\/bananabikecanarias.com\/es\/wp-content\/uploads\/sites\/5\/2024\/10\/Marlin5-Gen-3.webp","width":1920,"height":1440},{"@type":"BreadcrumbList","@id":"https:\/\/bananabikecanarias.com\/es\/bicicletas-de-montana\/bicicleta-de-montana\/#breadcrumb","itemListElement":[{"@type":"ListItem","position":1,"name":"Portada","item":"https:\/\/bananabikecanarias.com\/es\/"},{"@type":"ListItem","position":2,"name":"Tienda","item":"https:\/\/bananabikecanarias.com\/es\/tienda\/"},{"@type":"ListItem","position":3,"name":"Trek Marlin"}]},{"@type":"WebSite","@id":"https:\/\/bananabikecanarias.com\/es\/#website","url":"https:\/\/bananabikecanarias.com\/es\/","name":"Banana Bike Canarias","description":"Renting de Bicicletas en Gran Canarias","potentialAction":[{"@type":"SearchAction","target":{"@type":"EntryPoint","urlTemplate":"https:\/\/bananabikecanarias.com\/es\/?s={search_term_string}"},"query-input":{"@type":"PropertyValueSpecification","valueRequired":true,"valueName":"search_term_string"}}],"inLanguage":"es"}]}},"_links":{"self":[{"href":"https:\/\/bananabikecanarias.com\/es\/wp-json\/wp\/v2\/product\/632","targetHints":{"allow":["GET"]}}],"collection":[{"href":"https:\/\/bananabikecanarias.com\/es\/wp-json\/wp\/v2\/product"}],"about":[{"href":"https:\/\/bananabikecanarias.com\/es\/wp-json\/wp\/v2\/types\/product"}],"replies":[{"embeddable":true,"href":"https:\/\/bananabikecanarias.com\/es\/wp-json\/wp\/v2\/comments?post=632"}],"wp:featuredmedia":[{"embeddable":true,"href":"https:\/\/bananabikecanarias.com\/es\/wp-json\/wp\/v2\/media\/254"}],"wp:attachment":[{"href":"https:\/\/bananabikecanarias.com\/es\/wp-json\/wp\/v2\/media?parent=632"}],"wp:term":[{"taxonomy":"product_brand","embeddable":true,"href":"https:\/\/bananabikecanarias.com\/es\/wp-json\/wp\/v2\/product_brand?post=632"},{"taxonomy":"product_cat","embeddable":true,"href":"https:\/\/bananabikecanarias.com\/es\/wp-json\/wp\/v2\/product_cat?post=632"},{"taxonomy":"product_tag","embeddable":true,"href":"https:\/\/bananabikecanarias.com\/es\/wp-json\/wp\/v2\/product_tag?post=632"}],"curies":[{"name":"wp","href":"https:\/\/api.w.org\/{rel}","templated":true}]}}