{"id":1406,"date":"2026-03-10T17:59:51","date_gmt":"2026-03-10T17:59:51","guid":{"rendered":"https:\/\/bananabikecanarias.com\/es\/?post_type=product&#038;p=1406"},"modified":"2026-03-26T15:23:42","modified_gmt":"2026-03-26T15:23:42","slug":"ridley-falcn","status":"publish","type":"product","link":"https:\/\/bananabikecanarias.com\/es\/bicicletas-de-carretera\/ridley-falcn\/","title":{"rendered":"Ridley &#8211; Falcn"},"content":{"rendered":"","protected":false},"excerpt":{"rendered":"<p>La Falcn Essential se basa en el \u00e9xito de la Falcn RS. La geometr\u00eda de rendimiento y el espacio libre para los neum\u00e1ticos de 34 mil\u00edmetros son id\u00e9nticos y tambi\u00e9n se mantienen la corona de la horquilla difusora y la patilla de cambio universal (UDH).<\/p>\n","protected":false},"featured_media":1408,"comment_status":"open","ping_status":"closed","template":"","meta":{"_joinchat":[]},"product_brand":[],"product_cat":[47],"product_tag":[],"class_list":{"0":"post-1406","1":"product","2":"type-product","3":"status-publish","4":"has-post-thumbnail","6":"product_cat-bicicletas-de-carretera","8":"first","9":"instock","10":"taxable","11":"shipping-taxable","12":"purchasable","13":"product-type-ovabrw_car_rental"},"yoast_head":"<!-- This site is optimized with the Yoast SEO plugin v27.5 - https:\/\/yoast.com\/product\/yoast-seo-wordpress\/ -->\n<title>Ridley - Falcn - Banana Bike Canarias<\/title>\n<meta name=\"robots\" content=\"index, follow, max-snippet:-1, max-image-preview:large, max-video-preview:-1\" \/>\n<link rel=\"canonical\" href=\"https:\/\/bananabikecanarias.com\/es\/bicicletas-de-carretera\/ridley-falcn\/\" \/>\n<meta property=\"og:locale\" content=\"es_ES\" \/>\n<meta property=\"og:type\" content=\"article\" \/>\n<meta property=\"og:title\" content=\"Ridley - Falcn - Banana Bike Canarias\" \/>\n<meta property=\"og:description\" content=\"La Falcn Essential se basa en el \u00e9xito de la Falcn RS. La geometr\u00eda de rendimiento y el espacio libre para los neum\u00e1ticos de 34 mil\u00edmetros son id\u00e9nticos y tambi\u00e9n se mantienen la corona de la horquilla difusora y la patilla de cambio universal (UDH).\" \/>\n<meta property=\"og:url\" content=\"https:\/\/bananabikecanarias.com\/es\/bicicletas-de-carretera\/ridley-falcn\/\" \/>\n<meta property=\"og:site_name\" content=\"Banana Bike Canarias\" \/>\n<meta property=\"article:modified_time\" content=\"2026-03-26T15:23:42+00:00\" \/>\n<meta property=\"og:image\" content=\"https:\/\/bananabikecanarias.com\/es\/wp-content\/uploads\/sites\/5\/2026\/03\/Ridley-Falcn.png\" \/>\n\t<meta property=\"og:image:width\" content=\"1920\" \/>\n\t<meta property=\"og:image:height\" content=\"1440\" \/>\n\t<meta property=\"og:image:type\" content=\"image\/png\" \/>\n<meta name=\"twitter:card\" content=\"summary_large_image\" \/>\n<script type=\"application\/ld+json\" class=\"yoast-schema-graph\">{\"@context\":\"https:\\\/\\\/schema.org\",\"@graph\":[{\"@type\":\"WebPage\",\"@id\":\"https:\\\/\\\/bananabikecanarias.com\\\/es\\\/bicicletas-de-carretera\\\/ridley-falcn\\\/\",\"url\":\"https:\\\/\\\/bananabikecanarias.com\\\/es\\\/bicicletas-de-carretera\\\/ridley-falcn\\\/\",\"name\":\"Ridley - Falcn - Banana Bike Canarias\",\"isPartOf\":{\"@id\":\"https:\\\/\\\/bananabikecanarias.com\\\/es\\\/#website\"},\"primaryImageOfPage\":{\"@id\":\"https:\\\/\\\/bananabikecanarias.com\\\/es\\\/bicicletas-de-carretera\\\/ridley-falcn\\\/#primaryimage\"},\"image\":{\"@id\":\"https:\\\/\\\/bananabikecanarias.com\\\/es\\\/bicicletas-de-carretera\\\/ridley-falcn\\\/#primaryimage\"},\"thumbnailUrl\":\"https:\\\/\\\/bananabikecanarias.com\\\/es\\\/wp-content\\\/uploads\\\/sites\\\/5\\\/2026\\\/03\\\/Ridley-Falcn.png\",\"datePublished\":\"2026-03-10T17:59:51+00:00\",\"dateModified\":\"2026-03-26T15:23:42+00:00\",\"breadcrumb\":{\"@id\":\"https:\\\/\\\/bananabikecanarias.com\\\/es\\\/bicicletas-de-carretera\\\/ridley-falcn\\\/#breadcrumb\"},\"inLanguage\":\"es\",\"potentialAction\":[{\"@type\":\"ReadAction\",\"target\":[\"https:\\\/\\\/bananabikecanarias.com\\\/es\\\/bicicletas-de-carretera\\\/ridley-falcn\\\/\"]}]},{\"@type\":\"ImageObject\",\"inLanguage\":\"es\",\"@id\":\"https:\\\/\\\/bananabikecanarias.com\\\/es\\\/bicicletas-de-carretera\\\/ridley-falcn\\\/#primaryimage\",\"url\":\"https:\\\/\\\/bananabikecanarias.com\\\/es\\\/wp-content\\\/uploads\\\/sites\\\/5\\\/2026\\\/03\\\/Ridley-Falcn.png\",\"contentUrl\":\"https:\\\/\\\/bananabikecanarias.com\\\/es\\\/wp-content\\\/uploads\\\/sites\\\/5\\\/2026\\\/03\\\/Ridley-Falcn.png\",\"width\":1920,\"height\":1440},{\"@type\":\"BreadcrumbList\",\"@id\":\"https:\\\/\\\/bananabikecanarias.com\\\/es\\\/bicicletas-de-carretera\\\/ridley-falcn\\\/#breadcrumb\",\"itemListElement\":[{\"@type\":\"ListItem\",\"position\":1,\"name\":\"Portada\",\"item\":\"https:\\\/\\\/bananabikecanarias.com\\\/es\\\/\"},{\"@type\":\"ListItem\",\"position\":2,\"name\":\"Tienda\",\"item\":\"https:\\\/\\\/bananabikecanarias.com\\\/es\\\/tienda\\\/\"},{\"@type\":\"ListItem\",\"position\":3,\"name\":\"Ridley &#8211; Falcn\"}]},{\"@type\":\"WebSite\",\"@id\":\"https:\\\/\\\/bananabikecanarias.com\\\/es\\\/#website\",\"url\":\"https:\\\/\\\/bananabikecanarias.com\\\/es\\\/\",\"name\":\"Banana Bike Canarias\",\"description\":\"Renting de Bicicletas en Gran Canarias\",\"potentialAction\":[{\"@type\":\"SearchAction\",\"target\":{\"@type\":\"EntryPoint\",\"urlTemplate\":\"https:\\\/\\\/bananabikecanarias.com\\\/es\\\/?s={search_term_string}\"},\"query-input\":{\"@type\":\"PropertyValueSpecification\",\"valueRequired\":true,\"valueName\":\"search_term_string\"}}],\"inLanguage\":\"es\"}]}<\/script>\n<!-- \/ Yoast SEO plugin. -->","yoast_head_json":{"title":"Ridley - Falcn - Banana Bike Canarias","robots":{"index":"index","follow":"follow","max-snippet":"max-snippet:-1","max-image-preview":"max-image-preview:large","max-video-preview":"max-video-preview:-1"},"canonical":"https:\/\/bananabikecanarias.com\/es\/bicicletas-de-carretera\/ridley-falcn\/","og_locale":"es_ES","og_type":"article","og_title":"Ridley - Falcn - Banana Bike Canarias","og_description":"La Falcn Essential se basa en el \u00e9xito de la Falcn RS. La geometr\u00eda de rendimiento y el espacio libre para los neum\u00e1ticos de 34 mil\u00edmetros son id\u00e9nticos y tambi\u00e9n se mantienen la corona de la horquilla difusora y la patilla de cambio universal (UDH).","og_url":"https:\/\/bananabikecanarias.com\/es\/bicicletas-de-carretera\/ridley-falcn\/","og_site_name":"Banana Bike Canarias","article_modified_time":"2026-03-26T15:23:42+00:00","og_image":[{"width":1920,"height":1440,"url":"https:\/\/bananabikecanarias.com\/es\/wp-content\/uploads\/sites\/5\/2026\/03\/Ridley-Falcn.png","type":"image\/png"}],"twitter_card":"summary_large_image","schema":{"@context":"https:\/\/schema.org","@graph":[{"@type":"WebPage","@id":"https:\/\/bananabikecanarias.com\/es\/bicicletas-de-carretera\/ridley-falcn\/","url":"https:\/\/bananabikecanarias.com\/es\/bicicletas-de-carretera\/ridley-falcn\/","name":"Ridley - Falcn - Banana Bike Canarias","isPartOf":{"@id":"https:\/\/bananabikecanarias.com\/es\/#website"},"primaryImageOfPage":{"@id":"https:\/\/bananabikecanarias.com\/es\/bicicletas-de-carretera\/ridley-falcn\/#primaryimage"},"image":{"@id":"https:\/\/bananabikecanarias.com\/es\/bicicletas-de-carretera\/ridley-falcn\/#primaryimage"},"thumbnailUrl":"https:\/\/bananabikecanarias.com\/es\/wp-content\/uploads\/sites\/5\/2026\/03\/Ridley-Falcn.png","datePublished":"2026-03-10T17:59:51+00:00","dateModified":"2026-03-26T15:23:42+00:00","breadcrumb":{"@id":"https:\/\/bananabikecanarias.com\/es\/bicicletas-de-carretera\/ridley-falcn\/#breadcrumb"},"inLanguage":"es","potentialAction":[{"@type":"ReadAction","target":["https:\/\/bananabikecanarias.com\/es\/bicicletas-de-carretera\/ridley-falcn\/"]}]},{"@type":"ImageObject","inLanguage":"es","@id":"https:\/\/bananabikecanarias.com\/es\/bicicletas-de-carretera\/ridley-falcn\/#primaryimage","url":"https:\/\/bananabikecanarias.com\/es\/wp-content\/uploads\/sites\/5\/2026\/03\/Ridley-Falcn.png","contentUrl":"https:\/\/bananabikecanarias.com\/es\/wp-content\/uploads\/sites\/5\/2026\/03\/Ridley-Falcn.png","width":1920,"height":1440},{"@type":"BreadcrumbList","@id":"https:\/\/bananabikecanarias.com\/es\/bicicletas-de-carretera\/ridley-falcn\/#breadcrumb","itemListElement":[{"@type":"ListItem","position":1,"name":"Portada","item":"https:\/\/bananabikecanarias.com\/es\/"},{"@type":"ListItem","position":2,"name":"Tienda","item":"https:\/\/bananabikecanarias.com\/es\/tienda\/"},{"@type":"ListItem","position":3,"name":"Ridley &#8211; Falcn"}]},{"@type":"WebSite","@id":"https:\/\/bananabikecanarias.com\/es\/#website","url":"https:\/\/bananabikecanarias.com\/es\/","name":"Banana Bike Canarias","description":"Renting de Bicicletas en Gran Canarias","potentialAction":[{"@type":"SearchAction","target":{"@type":"EntryPoint","urlTemplate":"https:\/\/bananabikecanarias.com\/es\/?s={search_term_string}"},"query-input":{"@type":"PropertyValueSpecification","valueRequired":true,"valueName":"search_term_string"}}],"inLanguage":"es"}]}},"_links":{"self":[{"href":"https:\/\/bananabikecanarias.com\/es\/wp-json\/wp\/v2\/product\/1406","targetHints":{"allow":["GET"]}}],"collection":[{"href":"https:\/\/bananabikecanarias.com\/es\/wp-json\/wp\/v2\/product"}],"about":[{"href":"https:\/\/bananabikecanarias.com\/es\/wp-json\/wp\/v2\/types\/product"}],"replies":[{"embeddable":true,"href":"https:\/\/bananabikecanarias.com\/es\/wp-json\/wp\/v2\/comments?post=1406"}],"wp:featuredmedia":[{"embeddable":true,"href":"https:\/\/bananabikecanarias.com\/es\/wp-json\/wp\/v2\/media\/1408"}],"wp:attachment":[{"href":"https:\/\/bananabikecanarias.com\/es\/wp-json\/wp\/v2\/media?parent=1406"}],"wp:term":[{"taxonomy":"product_brand","embeddable":true,"href":"https:\/\/bananabikecanarias.com\/es\/wp-json\/wp\/v2\/product_brand?post=1406"},{"taxonomy":"product_cat","embeddable":true,"href":"https:\/\/bananabikecanarias.com\/es\/wp-json\/wp\/v2\/product_cat?post=1406"},{"taxonomy":"product_tag","embeddable":true,"href":"https:\/\/bananabikecanarias.com\/es\/wp-json\/wp\/v2\/product_tag?post=1406"}],"curies":[{"name":"wp","href":"https:\/\/api.w.org\/{rel}","templated":true}]}}