{"id":786,"date":"2024-10-23T11:24:01","date_gmt":"2024-10-23T11:24:01","guid":{"rendered":"https:\/\/bananabikecanarias.com\/?post_type=product&#038;p=786"},"modified":"2026-03-11T13:21:55","modified_gmt":"2026-03-11T13:21:55","slug":"trek-emonda-alr-5","status":"publish","type":"product","link":"https:\/\/bananabikecanarias.com\/de\/road-bikes\/trek-emonda-alr-5\/","title":{"rendered":"Trek \u00c9monda ALR 5"},"content":{"rendered":"","protected":false},"excerpt":{"rendered":"<p>Das \u00c9monda ALR 5 Disc ist ein superleichtes und reaktionsschnelles Aluminium-Rennrad. Das fortschrittliche Aluminium-Kammtail-Rohrdesign und die Renngeometrie verleihen ihm die schnittige Optik und das Handling eines Carbonrads zum Preis eines Aluminiumrads.<\/p>\n<p>Dazu kommen Komponenten wie der Shimano 105-Antrieb und leistungsstarke hydraulische Scheibenbremsen, die unter allen Bedingungen bremsen, und das Ergebnis ist ein Rad, das sowohl f\u00fcr Wettk\u00e4mpfe als auch f\u00fcr Gruppenfahrten entwickelt wurde.<\/p>\n","protected":false},"featured_media":267,"comment_status":"open","ping_status":"closed","template":"","meta":{"_joinchat":[]},"product_brand":[],"product_cat":[47],"product_tag":[],"class_list":{"0":"post-786","1":"product","2":"type-product","3":"status-publish","4":"has-post-thumbnail","6":"product_cat-road-bikes","8":"first","9":"instock","10":"taxable","11":"shipping-taxable","12":"purchasable","13":"product-type-ovabrw_car_rental"},"yoast_head":"<!-- This site is optimized with the Yoast SEO plugin v27.3 - https:\/\/yoast.com\/product\/yoast-seo-wordpress\/ -->\n<title>Trek \u00c9monda ALR 5 - Banana Bike Canarias<\/title>\n<meta name=\"robots\" content=\"index, follow, max-snippet:-1, max-image-preview:large, max-video-preview:-1\" \/>\n<link rel=\"canonical\" href=\"https:\/\/bananabikecanarias.com\/de\/road-bikes\/trek-emonda-alr-5\/\" \/>\n<meta property=\"og:locale\" content=\"de_DE\" \/>\n<meta property=\"og:type\" content=\"article\" \/>\n<meta property=\"og:title\" content=\"Trek \u00c9monda ALR 5 - Banana Bike Canarias\" \/>\n<meta property=\"og:description\" content=\"Das \u00c9monda ALR 5 Disc ist ein superleichtes und reaktionsschnelles Aluminium-Rennrad. Das fortschrittliche Aluminium-Kammtail-Rohrdesign und die Renngeometrie verleihen ihm die schnittige Optik und das Handling eines Carbonrads zum Preis eines Aluminiumrads.  Dazu kommen Komponenten wie der Shimano 105-Antrieb und leistungsstarke hydraulische Scheibenbremsen, die unter allen Bedingungen bremsen, und das Ergebnis ist ein Rad, das sowohl f\u00fcr Wettk\u00e4mpfe als auch f\u00fcr Gruppenfahrten entwickelt wurde.\" \/>\n<meta property=\"og:url\" content=\"https:\/\/bananabikecanarias.com\/de\/road-bikes\/trek-emonda-alr-5\/\" \/>\n<meta property=\"og:site_name\" content=\"Banana Bike Canarias\" \/>\n<meta property=\"article:modified_time\" content=\"2026-03-11T13:21:55+00:00\" \/>\n<meta property=\"og:image\" content=\"https:\/\/bananabikecanarias.com\/de\/wp-content\/uploads\/sites\/6\/2024\/10\/EmondaALR5.webp\" \/>\n\t<meta property=\"og:image:width\" content=\"1920\" \/>\n\t<meta property=\"og:image:height\" content=\"1440\" \/>\n\t<meta property=\"og:image:type\" content=\"image\/webp\" \/>\n<meta name=\"twitter:card\" content=\"summary_large_image\" \/>\n<meta name=\"twitter:label1\" content=\"Gesch\u00e4tzte Lesezeit\" \/>\n\t<meta name=\"twitter:data1\" content=\"1\u00a0Minute\" \/>\n<script type=\"application\/ld+json\" class=\"yoast-schema-graph\">{\"@context\":\"https:\\\/\\\/schema.org\",\"@graph\":[{\"@type\":\"WebPage\",\"@id\":\"https:\\\/\\\/bananabikecanarias.com\\\/de\\\/road-bikes\\\/trek-emonda-alr-5\\\/\",\"url\":\"https:\\\/\\\/bananabikecanarias.com\\\/de\\\/road-bikes\\\/trek-emonda-alr-5\\\/\",\"name\":\"Trek \u00c9monda ALR 5 - Banana Bike Canarias\",\"isPartOf\":{\"@id\":\"https:\\\/\\\/bananabikecanarias.com\\\/de\\\/#website\"},\"primaryImageOfPage\":{\"@id\":\"https:\\\/\\\/bananabikecanarias.com\\\/de\\\/road-bikes\\\/trek-emonda-alr-5\\\/#primaryimage\"},\"image\":{\"@id\":\"https:\\\/\\\/bananabikecanarias.com\\\/de\\\/road-bikes\\\/trek-emonda-alr-5\\\/#primaryimage\"},\"thumbnailUrl\":\"https:\\\/\\\/bananabikecanarias.com\\\/de\\\/wp-content\\\/uploads\\\/sites\\\/6\\\/2024\\\/10\\\/EmondaALR5.webp\",\"datePublished\":\"2024-10-23T11:24:01+00:00\",\"dateModified\":\"2026-03-11T13:21:55+00:00\",\"breadcrumb\":{\"@id\":\"https:\\\/\\\/bananabikecanarias.com\\\/de\\\/road-bikes\\\/trek-emonda-alr-5\\\/#breadcrumb\"},\"inLanguage\":\"de\",\"potentialAction\":[{\"@type\":\"ReadAction\",\"target\":[\"https:\\\/\\\/bananabikecanarias.com\\\/de\\\/road-bikes\\\/trek-emonda-alr-5\\\/\"]}]},{\"@type\":\"ImageObject\",\"inLanguage\":\"de\",\"@id\":\"https:\\\/\\\/bananabikecanarias.com\\\/de\\\/road-bikes\\\/trek-emonda-alr-5\\\/#primaryimage\",\"url\":\"https:\\\/\\\/bananabikecanarias.com\\\/de\\\/wp-content\\\/uploads\\\/sites\\\/6\\\/2024\\\/10\\\/EmondaALR5.webp\",\"contentUrl\":\"https:\\\/\\\/bananabikecanarias.com\\\/de\\\/wp-content\\\/uploads\\\/sites\\\/6\\\/2024\\\/10\\\/EmondaALR5.webp\",\"width\":1920,\"height\":1440},{\"@type\":\"BreadcrumbList\",\"@id\":\"https:\\\/\\\/bananabikecanarias.com\\\/de\\\/road-bikes\\\/trek-emonda-alr-5\\\/#breadcrumb\",\"itemListElement\":[{\"@type\":\"ListItem\",\"position\":1,\"name\":\"Portada\",\"item\":\"https:\\\/\\\/bananabikecanarias.com\\\/de\\\/\"},{\"@type\":\"ListItem\",\"position\":2,\"name\":\"Tienda\",\"item\":\"https:\\\/\\\/bananabikecanarias.com\\\/de\\\/tienda\\\/\"},{\"@type\":\"ListItem\",\"position\":3,\"name\":\"Trek \u00c9monda ALR 5\"}]},{\"@type\":\"WebSite\",\"@id\":\"https:\\\/\\\/bananabikecanarias.com\\\/de\\\/#website\",\"url\":\"https:\\\/\\\/bananabikecanarias.com\\\/de\\\/\",\"name\":\"Banana Bike Canarias\",\"description\":\"Vermietung von Fahrr\u00e4dern auf Gran Canaria\",\"potentialAction\":[{\"@type\":\"SearchAction\",\"target\":{\"@type\":\"EntryPoint\",\"urlTemplate\":\"https:\\\/\\\/bananabikecanarias.com\\\/de\\\/?s={search_term_string}\"},\"query-input\":{\"@type\":\"PropertyValueSpecification\",\"valueRequired\":true,\"valueName\":\"search_term_string\"}}],\"inLanguage\":\"de\"}]}<\/script>\n<!-- \/ Yoast SEO plugin. -->","yoast_head_json":{"title":"Trek \u00c9monda ALR 5 - Banana Bike Canarias","robots":{"index":"index","follow":"follow","max-snippet":"max-snippet:-1","max-image-preview":"max-image-preview:large","max-video-preview":"max-video-preview:-1"},"canonical":"https:\/\/bananabikecanarias.com\/de\/road-bikes\/trek-emonda-alr-5\/","og_locale":"de_DE","og_type":"article","og_title":"Trek \u00c9monda ALR 5 - Banana Bike Canarias","og_description":"Das \u00c9monda ALR 5 Disc ist ein superleichtes und reaktionsschnelles Aluminium-Rennrad. Das fortschrittliche Aluminium-Kammtail-Rohrdesign und die Renngeometrie verleihen ihm die schnittige Optik und das Handling eines Carbonrads zum Preis eines Aluminiumrads.  Dazu kommen Komponenten wie der Shimano 105-Antrieb und leistungsstarke hydraulische Scheibenbremsen, die unter allen Bedingungen bremsen, und das Ergebnis ist ein Rad, das sowohl f\u00fcr Wettk\u00e4mpfe als auch f\u00fcr Gruppenfahrten entwickelt wurde.","og_url":"https:\/\/bananabikecanarias.com\/de\/road-bikes\/trek-emonda-alr-5\/","og_site_name":"Banana Bike Canarias","article_modified_time":"2026-03-11T13:21:55+00:00","og_image":[{"width":1920,"height":1440,"url":"https:\/\/bananabikecanarias.com\/de\/wp-content\/uploads\/sites\/6\/2024\/10\/EmondaALR5.webp","type":"image\/webp"}],"twitter_card":"summary_large_image","twitter_misc":{"Gesch\u00e4tzte Lesezeit":"1\u00a0Minute"},"schema":{"@context":"https:\/\/schema.org","@graph":[{"@type":"WebPage","@id":"https:\/\/bananabikecanarias.com\/de\/road-bikes\/trek-emonda-alr-5\/","url":"https:\/\/bananabikecanarias.com\/de\/road-bikes\/trek-emonda-alr-5\/","name":"Trek \u00c9monda ALR 5 - Banana Bike Canarias","isPartOf":{"@id":"https:\/\/bananabikecanarias.com\/de\/#website"},"primaryImageOfPage":{"@id":"https:\/\/bananabikecanarias.com\/de\/road-bikes\/trek-emonda-alr-5\/#primaryimage"},"image":{"@id":"https:\/\/bananabikecanarias.com\/de\/road-bikes\/trek-emonda-alr-5\/#primaryimage"},"thumbnailUrl":"https:\/\/bananabikecanarias.com\/de\/wp-content\/uploads\/sites\/6\/2024\/10\/EmondaALR5.webp","datePublished":"2024-10-23T11:24:01+00:00","dateModified":"2026-03-11T13:21:55+00:00","breadcrumb":{"@id":"https:\/\/bananabikecanarias.com\/de\/road-bikes\/trek-emonda-alr-5\/#breadcrumb"},"inLanguage":"de","potentialAction":[{"@type":"ReadAction","target":["https:\/\/bananabikecanarias.com\/de\/road-bikes\/trek-emonda-alr-5\/"]}]},{"@type":"ImageObject","inLanguage":"de","@id":"https:\/\/bananabikecanarias.com\/de\/road-bikes\/trek-emonda-alr-5\/#primaryimage","url":"https:\/\/bananabikecanarias.com\/de\/wp-content\/uploads\/sites\/6\/2024\/10\/EmondaALR5.webp","contentUrl":"https:\/\/bananabikecanarias.com\/de\/wp-content\/uploads\/sites\/6\/2024\/10\/EmondaALR5.webp","width":1920,"height":1440},{"@type":"BreadcrumbList","@id":"https:\/\/bananabikecanarias.com\/de\/road-bikes\/trek-emonda-alr-5\/#breadcrumb","itemListElement":[{"@type":"ListItem","position":1,"name":"Portada","item":"https:\/\/bananabikecanarias.com\/de\/"},{"@type":"ListItem","position":2,"name":"Tienda","item":"https:\/\/bananabikecanarias.com\/de\/tienda\/"},{"@type":"ListItem","position":3,"name":"Trek \u00c9monda ALR 5"}]},{"@type":"WebSite","@id":"https:\/\/bananabikecanarias.com\/de\/#website","url":"https:\/\/bananabikecanarias.com\/de\/","name":"Banana Bike Canarias","description":"Vermietung von Fahrr\u00e4dern auf Gran Canaria","potentialAction":[{"@type":"SearchAction","target":{"@type":"EntryPoint","urlTemplate":"https:\/\/bananabikecanarias.com\/de\/?s={search_term_string}"},"query-input":{"@type":"PropertyValueSpecification","valueRequired":true,"valueName":"search_term_string"}}],"inLanguage":"de"}]}},"_links":{"self":[{"href":"https:\/\/bananabikecanarias.com\/de\/wp-json\/wp\/v2\/product\/786","targetHints":{"allow":["GET"]}}],"collection":[{"href":"https:\/\/bananabikecanarias.com\/de\/wp-json\/wp\/v2\/product"}],"about":[{"href":"https:\/\/bananabikecanarias.com\/de\/wp-json\/wp\/v2\/types\/product"}],"replies":[{"embeddable":true,"href":"https:\/\/bananabikecanarias.com\/de\/wp-json\/wp\/v2\/comments?post=786"}],"wp:featuredmedia":[{"embeddable":true,"href":"https:\/\/bananabikecanarias.com\/de\/wp-json\/wp\/v2\/media\/267"}],"wp:attachment":[{"href":"https:\/\/bananabikecanarias.com\/de\/wp-json\/wp\/v2\/media?parent=786"}],"wp:term":[{"taxonomy":"product_brand","embeddable":true,"href":"https:\/\/bananabikecanarias.com\/de\/wp-json\/wp\/v2\/product_brand?post=786"},{"taxonomy":"product_cat","embeddable":true,"href":"https:\/\/bananabikecanarias.com\/de\/wp-json\/wp\/v2\/product_cat?post=786"},{"taxonomy":"product_tag","embeddable":true,"href":"https:\/\/bananabikecanarias.com\/de\/wp-json\/wp\/v2\/product_tag?post=786"}],"curies":[{"name":"wp","href":"https:\/\/api.w.org\/{rel}","templated":true}]}}