{"id":1294,"date":"2025-03-26T18:52:44","date_gmt":"2025-03-26T18:52:44","guid":{"rendered":"https:\/\/bananabikecanarias.com\/de\/?page_id=1294"},"modified":"2025-03-26T18:52:45","modified_gmt":"2025-03-26T18:52:45","slug":"legal-notice","status":"publish","type":"page","link":"https:\/\/bananabikecanarias.com\/de\/legal-notice\/","title":{"rendered":"Legal Notice"},"content":{"rendered":"\n<p><strong>Legal Notice<\/strong><\/p>\n\n\n\n<p><strong>1. Informationen zum Website-Inhaber:<\/strong><\/p>\n\n\n\n<ul class=\"wp-block-list\">\n<li><strong>Inhaber:<\/strong> Iv\u00e1n L\u00f3pez Jim\u00e9nez<\/li>\n\n\n\n<li><strong>ID\/NIF:<\/strong> 54094711E<\/li>\n\n\n\n<li><strong>Adresse:<\/strong> Calle Castilla 10, Telde, Las Palmas, 35210<\/li>\n\n\n\n<li><strong>E-Mail:<\/strong> info@bananabikecanarias.com<\/li>\n\n\n\n<li><strong>Telefon:<\/strong> +34 692573124<\/li>\n<\/ul>\n\n\n\n<p><strong>2. Gegenstand:<\/strong><\/p>\n\n\n\n<p>Dieser rechtliche Hinweis regelt den Zugriff und die Nutzung der Website [Website-Name], die Eigentum von Iv\u00e1n L\u00f3pez Jim\u00e9nez ist und Internetnutzern zur Verf\u00fcgung gestellt wird.<\/p>\n\n\n\n<p><strong>3. Rechte an geistigem und gewerblichem Eigentum:<\/strong><\/p>\n\n\n\n<ul class=\"wp-block-list\">\n<li>Alle Inhalte der Website, einschlie\u00dflich, aber nicht beschr\u00e4nkt auf Texte, Bilder, Grafiken, Designs, Logos, Symbole, Quellcodes, Software, Handelsnamen, Marken, Industriedesigns oder andere Zeichen, die f\u00fcr die industrielle und\/oder kommerzielle Nutzung geeignet sind, geh\u00f6ren ausschlie\u00dflich Iv\u00e1n L\u00f3pez Jim\u00e9nez oder Dritten, deren Rechte Iv\u00e1n L\u00f3pez Jim\u00e9nez anerkennt, und sind durch Gesetze zum Schutz des geistigen und gewerblichen Eigentums gesch\u00fctzt.<\/li>\n\n\n\n<li>Die Vervielf\u00e4ltigung, Verbreitung, \u00f6ffentliche Kommunikation, Umwandlung oder jede andere Form der Verwertung des gesamten oder eines Teils des Inhalts dieser Website mit beliebigen Mitteln oder Verfahren ohne die ausdr\u00fcckliche schriftliche Genehmigung von Iv\u00e1n L\u00f3pez Jim\u00e9nez ist untersagt.<\/li>\n<\/ul>\n\n\n\n<p><strong>4. Haftung:<\/strong><\/p>\n\n\n\n<ul class=\"wp-block-list\">\n<li>Iv\u00e1n L\u00f3pez Jim\u00e9nez ist nicht verantwortlich f\u00fcr Sch\u00e4den, die durch die falsche oder illegale Nutzung der Website durch Benutzer entstehen k\u00f6nnen.<\/li>\n\n\n\n<li>Iv\u00e1n L\u00f3pez Jim\u00e9nez garantiert nicht die Verf\u00fcgbarkeit und Kontinuit\u00e4t des Betriebs der Website oder das Fehlen von Fehlern oder Unterbrechungen darin.<\/li>\n\n\n\n<li>Iv\u00e1n L\u00f3pez Jim\u00e9nez ist nicht verantwortlich f\u00fcr den Inhalt von verlinkten Websites von seiner Website oder f\u00fcr Sch\u00e4den, die durch den Zugriff darauf entstehen k\u00f6nnen.<\/li>\n<\/ul>\n\n\n\n<p><strong>5. Anwendbares Recht und Gerichtsstand:<\/strong><\/p>\n\n\n\n<ul class=\"wp-block-list\">\n<li>Dieser rechtliche Hinweis unterliegt spanischem Recht.<\/li>\n\n\n\n<li>F\u00fcr die Beilegung von Streitigkeiten, die im Zusammenhang mit dem Zugriff oder der Nutzung der Website entstehen k\u00f6nnen, unterwerfen sich die Benutzer ausdr\u00fccklich den Gerichten von Las Palmas de Gran Canaria und verzichten auf jede andere Gerichtsbarkeit, die ihnen zustehen k\u00f6nnte.<\/li>\n<\/ul>\n\n\n\n<p><strong>6. Kontakt:<\/strong><\/p>\n\n\n\n<ul class=\"wp-block-list\">\n<li>F\u00fcr Fragen oder Anspr\u00fcche k\u00f6nnen sich Benutzer \u00fcber die in Abschnitt 1 angegebenen Kontaktdaten an Iv\u00e1n L\u00f3pez Jim\u00e9nez wenden.<\/li>\n<\/ul>\n","protected":false},"excerpt":{"rendered":"<p>Legal Notice 1. Informationen zum Website-Inhaber: 2. Gegenstand: Dieser rechtliche Hinweis regelt den Zugriff und die Nutzung der Website [Website-Name], die Eigentum von Iv\u00e1n L\u00f3pez Jim\u00e9nez ist und Internetnutzern zur Verf\u00fcgung gestellt wird. 3. Rechte an geistigem und gewerblichem Eigentum: 4. Haftung: 5. Anwendbares Recht und Gerichtsstand: 6. Kontakt:<\/p>\n","protected":false},"author":2,"featured_media":0,"parent":0,"menu_order":0,"comment_status":"closed","ping_status":"closed","template":"","meta":{"_joinchat":[],"footnotes":""},"class_list":["post-1294","page","type-page","status-publish","hentry"],"yoast_head":"<!-- This site is optimized with the Yoast SEO plugin v27.3 - https:\/\/yoast.com\/product\/yoast-seo-wordpress\/ -->\n<title>Legal Notice - Banana Bike Canarias<\/title>\n<meta name=\"robots\" content=\"index, follow, max-snippet:-1, max-image-preview:large, max-video-preview:-1\" \/>\n<link rel=\"canonical\" href=\"https:\/\/bananabikecanarias.com\/de\/legal-notice\/\" \/>\n<meta property=\"og:locale\" content=\"de_DE\" \/>\n<meta property=\"og:type\" content=\"article\" \/>\n<meta property=\"og:title\" content=\"Legal Notice - Banana Bike Canarias\" \/>\n<meta property=\"og:description\" content=\"Legal Notice 1. Informationen zum Website-Inhaber: 2. Gegenstand: Dieser rechtliche Hinweis regelt den Zugriff und die Nutzung der Website [Website-Name], die Eigentum von Iv\u00e1n L\u00f3pez Jim\u00e9nez ist und Internetnutzern zur Verf\u00fcgung gestellt wird. 3. Rechte an geistigem und gewerblichem Eigentum: 4. Haftung: 5. Anwendbares Recht und Gerichtsstand: 6. Kontakt:\" \/>\n<meta property=\"og:url\" content=\"https:\/\/bananabikecanarias.com\/de\/legal-notice\/\" \/>\n<meta property=\"og:site_name\" content=\"Banana Bike Canarias\" \/>\n<meta property=\"article:modified_time\" content=\"2025-03-26T18:52:45+00:00\" \/>\n<meta name=\"twitter:card\" content=\"summary_large_image\" \/>\n<meta name=\"twitter:label1\" content=\"Gesch\u00e4tzte Lesezeit\" \/>\n\t<meta name=\"twitter:data1\" content=\"2\u00a0Minuten\" \/>\n<script type=\"application\/ld+json\" class=\"yoast-schema-graph\">{\"@context\":\"https:\\\/\\\/schema.org\",\"@graph\":[{\"@type\":\"WebPage\",\"@id\":\"https:\\\/\\\/bananabikecanarias.com\\\/de\\\/legal-notice\\\/\",\"url\":\"https:\\\/\\\/bananabikecanarias.com\\\/de\\\/legal-notice\\\/\",\"name\":\"Legal Notice - Banana Bike Canarias\",\"isPartOf\":{\"@id\":\"https:\\\/\\\/bananabikecanarias.com\\\/de\\\/#website\"},\"datePublished\":\"2025-03-26T18:52:44+00:00\",\"dateModified\":\"2025-03-26T18:52:45+00:00\",\"breadcrumb\":{\"@id\":\"https:\\\/\\\/bananabikecanarias.com\\\/de\\\/legal-notice\\\/#breadcrumb\"},\"inLanguage\":\"de\",\"potentialAction\":[{\"@type\":\"ReadAction\",\"target\":[\"https:\\\/\\\/bananabikecanarias.com\\\/de\\\/legal-notice\\\/\"]}]},{\"@type\":\"BreadcrumbList\",\"@id\":\"https:\\\/\\\/bananabikecanarias.com\\\/de\\\/legal-notice\\\/#breadcrumb\",\"itemListElement\":[{\"@type\":\"ListItem\",\"position\":1,\"name\":\"Portada\",\"item\":\"https:\\\/\\\/bananabikecanarias.com\\\/de\\\/\"},{\"@type\":\"ListItem\",\"position\":2,\"name\":\"Legal Notice\"}]},{\"@type\":\"WebSite\",\"@id\":\"https:\\\/\\\/bananabikecanarias.com\\\/de\\\/#website\",\"url\":\"https:\\\/\\\/bananabikecanarias.com\\\/de\\\/\",\"name\":\"Banana Bike Canarias\",\"description\":\"Vermietung von Fahrr\u00e4dern auf Gran Canaria\",\"potentialAction\":[{\"@type\":\"SearchAction\",\"target\":{\"@type\":\"EntryPoint\",\"urlTemplate\":\"https:\\\/\\\/bananabikecanarias.com\\\/de\\\/?s={search_term_string}\"},\"query-input\":{\"@type\":\"PropertyValueSpecification\",\"valueRequired\":true,\"valueName\":\"search_term_string\"}}],\"inLanguage\":\"de\"}]}<\/script>\n<!-- \/ Yoast SEO plugin. -->","yoast_head_json":{"title":"Legal Notice - Banana Bike Canarias","robots":{"index":"index","follow":"follow","max-snippet":"max-snippet:-1","max-image-preview":"max-image-preview:large","max-video-preview":"max-video-preview:-1"},"canonical":"https:\/\/bananabikecanarias.com\/de\/legal-notice\/","og_locale":"de_DE","og_type":"article","og_title":"Legal Notice - Banana Bike Canarias","og_description":"Legal Notice 1. Informationen zum Website-Inhaber: 2. Gegenstand: Dieser rechtliche Hinweis regelt den Zugriff und die Nutzung der Website [Website-Name], die Eigentum von Iv\u00e1n L\u00f3pez Jim\u00e9nez ist und Internetnutzern zur Verf\u00fcgung gestellt wird. 3. Rechte an geistigem und gewerblichem Eigentum: 4. Haftung: 5. Anwendbares Recht und Gerichtsstand: 6. Kontakt:","og_url":"https:\/\/bananabikecanarias.com\/de\/legal-notice\/","og_site_name":"Banana Bike Canarias","article_modified_time":"2025-03-26T18:52:45+00:00","twitter_card":"summary_large_image","twitter_misc":{"Gesch\u00e4tzte Lesezeit":"2\u00a0Minuten"},"schema":{"@context":"https:\/\/schema.org","@graph":[{"@type":"WebPage","@id":"https:\/\/bananabikecanarias.com\/de\/legal-notice\/","url":"https:\/\/bananabikecanarias.com\/de\/legal-notice\/","name":"Legal Notice - Banana Bike Canarias","isPartOf":{"@id":"https:\/\/bananabikecanarias.com\/de\/#website"},"datePublished":"2025-03-26T18:52:44+00:00","dateModified":"2025-03-26T18:52:45+00:00","breadcrumb":{"@id":"https:\/\/bananabikecanarias.com\/de\/legal-notice\/#breadcrumb"},"inLanguage":"de","potentialAction":[{"@type":"ReadAction","target":["https:\/\/bananabikecanarias.com\/de\/legal-notice\/"]}]},{"@type":"BreadcrumbList","@id":"https:\/\/bananabikecanarias.com\/de\/legal-notice\/#breadcrumb","itemListElement":[{"@type":"ListItem","position":1,"name":"Portada","item":"https:\/\/bananabikecanarias.com\/de\/"},{"@type":"ListItem","position":2,"name":"Legal Notice"}]},{"@type":"WebSite","@id":"https:\/\/bananabikecanarias.com\/de\/#website","url":"https:\/\/bananabikecanarias.com\/de\/","name":"Banana Bike Canarias","description":"Vermietung von Fahrr\u00e4dern auf Gran Canaria","potentialAction":[{"@type":"SearchAction","target":{"@type":"EntryPoint","urlTemplate":"https:\/\/bananabikecanarias.com\/de\/?s={search_term_string}"},"query-input":{"@type":"PropertyValueSpecification","valueRequired":true,"valueName":"search_term_string"}}],"inLanguage":"de"}]}},"_links":{"self":[{"href":"https:\/\/bananabikecanarias.com\/de\/wp-json\/wp\/v2\/pages\/1294","targetHints":{"allow":["GET"]}}],"collection":[{"href":"https:\/\/bananabikecanarias.com\/de\/wp-json\/wp\/v2\/pages"}],"about":[{"href":"https:\/\/bananabikecanarias.com\/de\/wp-json\/wp\/v2\/types\/page"}],"author":[{"embeddable":true,"href":"https:\/\/bananabikecanarias.com\/de\/wp-json\/wp\/v2\/users\/2"}],"replies":[{"embeddable":true,"href":"https:\/\/bananabikecanarias.com\/de\/wp-json\/wp\/v2\/comments?post=1294"}],"version-history":[{"count":1,"href":"https:\/\/bananabikecanarias.com\/de\/wp-json\/wp\/v2\/pages\/1294\/revisions"}],"predecessor-version":[{"id":1295,"href":"https:\/\/bananabikecanarias.com\/de\/wp-json\/wp\/v2\/pages\/1294\/revisions\/1295"}],"wp:attachment":[{"href":"https:\/\/bananabikecanarias.com\/de\/wp-json\/wp\/v2\/media?parent=1294"}],"curies":[{"name":"wp","href":"https:\/\/api.w.org\/{rel}","templated":true}]}}