{"id":1272,"date":"2025-03-26T17:53:56","date_gmt":"2025-03-26T17:53:56","guid":{"rendered":"https:\/\/bananabikecanarias.com\/de\/?page_id=1272"},"modified":"2026-02-03T14:07:37","modified_gmt":"2026-02-03T14:07:37","slug":"leasing-bedingungen","status":"publish","type":"page","link":"https:\/\/bananabikecanarias.com\/de\/leasing-bedingungen\/","title":{"rendered":"Leasing-Bedingungen"},"content":{"rendered":"\t\t<div data-elementor-type=\"wp-page\" data-elementor-id=\"1272\" class=\"elementor elementor-1272\" data-elementor-post-type=\"page\">\n\t\t\t\t\t\t<section class=\"elementor-section elementor-top-section elementor-element elementor-element-673cd3b elementor-section-boxed elementor-section-height-default elementor-section-height-default\" data-id=\"673cd3b\" data-element_type=\"section\" data-e-type=\"section\">\n\t\t\t\t\t\t<div class=\"elementor-container elementor-column-gap-default\">\n\t\t\t\t\t<div class=\"elementor-column elementor-col-100 elementor-top-column elementor-element elementor-element-01871f7\" data-id=\"01871f7\" data-element_type=\"column\" data-e-type=\"column\">\n\t\t\t<div class=\"elementor-widget-wrap elementor-element-populated\">\n\t\t\t\t\t\t<div class=\"elementor-element elementor-element-ef8446b de_scroll_animation_no elementor-widget elementor-widget-heading\" data-id=\"ef8446b\" data-element_type=\"widget\" data-e-type=\"widget\" data-widget_type=\"heading.default\">\n\t\t\t\t<div class=\"elementor-widget-container\">\n\t\t\t\t\t<h2 class=\"elementor-heading-title elementor-size-default\">BESONDERE GESCH\u00c4FTSBEDINGUNGEN DES MIETVERTRAGS\n\n<\/h2>\t\t\t\t<\/div>\n\t\t\t\t<\/div>\n\t\t\t\t<div class=\"elementor-element elementor-element-7b38476 de_scroll_animation_no elementor-widget elementor-widget-text-editor\" data-id=\"7b38476\" data-element_type=\"widget\" data-e-type=\"widget\" data-widget_type=\"text-editor.default\">\n\t\t\t\t<div class=\"elementor-widget-container\">\n\t\t\t\t\t\t\t\t\t<div id=\"chat-history\" class=\"chat-history-scroll-container\"><div id=\"96e1c0baa4f221a3\" class=\"conversation-container message-actions-hover-boundary response-optimization tts-removed ng-star-inserted\"><div class=\"response-container ng-tns-c431242477-24 response-optimization response-container-with-gpi tts-removed ng-star-inserted response-container-has-multiple-responses\"><div class=\"presented-response-container ng-tns-c431242477-24\"><div class=\"response-container-content ng-tns-c431242477-24\"><div class=\"response-content ng-tns-c431242477-24\"><div id=\"model-response-message-contentr_96e1c0baa4f221a3\" class=\"markdown markdown-main-panel stronger\" dir=\"ltr\"><ol data-sourcepos=\"5:1-42:0\"><li data-sourcepos=\"5:1-8:0\"><p data-sourcepos=\"5:5-5:630\">Die Fahrr\u00e4der und das Mietmaterial werden am von beiden Parteien vereinbarten Ort, zum vereinbarten Datum und zur vereinbarten Zeit geliefert und abgeholt. Erfolgt die R\u00fcckgabe nicht am im Vertrag festgelegten Tag, erh\u00f6ht sich die zus\u00e4tzliche Geb\u00fchr auf das Doppelte des t\u00e4glichen Mietpreises. Bei Nichtr\u00fcckgabe kann der Vermieter das Fahrrad am Standort, an dem es sich befindet, sofort in Besitz nehmen, ohne dass der Mieter Anspruch auf eine Forderung hat. Gibt der Mieter das Mietfahrrad vor dem vereinbarten Datum zur\u00fcck, beh\u00e4lt sich der Vermieter das Recht vor, die Miete f\u00fcr die nicht genutzten Tage nicht zu erstatten.<\/p><p data-sourcepos=\"7:5-7:295\">Bereits bezahlte Reservierungen k\u00f6nnen bis 48 Stunden vor Mietbeginn kostenlos storniert werden. Bei Stornierungen, die 24 Stunden im Voraus mitgeteilt werden, wird eine Geb\u00fchr von 50 % des Reservierungsbetrags erhoben. Stornierungen, die kurzfristiger erfolgen, sind nicht erstattungsf\u00e4hig.<\/p><\/li><li data-sourcepos=\"9:1-10:0\"><p data-sourcepos=\"9:5-9:507\">Das Fahrrad wird in einwandfreiem Betriebszustand mit Zubeh\u00f6r und zugelassenem Equipment geliefert. Der Mieter muss das Material vollst\u00e4ndig und im gleichen Zustand zur\u00fcckgeben, in dem es geliefert wurde. Jegliche Anspr\u00fcche bez\u00fcglich des Zustands des Fahrrads m\u00fcssen zum Zeitpunkt der Lieferung geltend gemacht werden. Die Kosten f\u00fcr die Reparatur oder den Ersatz des Fahrrads und\/oder des Materials tr\u00e4gt der Mieter, der den Vermieter \u00fcber Sch\u00e4den am Material oder dessen Fehlfunktion informieren muss.<\/p><\/li><li data-sourcepos=\"11:1-16:0\"><p>Der Mieter ist verpflichtet, die notwendigen Ma\u00dfnahmen zu ergreifen, um Diebstahl, Verlust oder Besch\u00e4digung des Fahrrads und des gemieteten Materials zu vermeiden. Sollten solche Vorf\u00e4lle w\u00e4hrend der Mietdauer auftreten, ist der Kunde\/Mieter allein verantwortlich und muss unverz\u00fcglich alle Ersatzkosten \u00fcbernehmen, indem er den gesamten Wiederbeschaffungswert des Artikels bezahlt.<\/p><p>Zu diesem Zweck erm\u00e4chtigt der Kunde\/Mieter das Unternehmen, seine Kreditkarte mit dem Betrag f\u00fcr die an den Fahrr\u00e4dern verursachten Sch\u00e4den und im Falle von Diebstahl oder Verlust mit dem Wiederbeschaffungswert des Artikels zu belasten.<\/p><p>Am Ende der Mietdauer legt der Vermieter die Bedingungen f\u00fcr die R\u00fcckgabe des gemieteten Materials fest und bewertet die entstandenen Verluste oder Sch\u00e4den.<\/p><\/li><li data-sourcepos=\"17:1-18:0\"><p data-sourcepos=\"17:5-17:139\">Die Fahrradmiete beinhaltet keine Kaskoversicherung, daher haftet der Mieter f\u00fcr alle Sach- oder Personensch\u00e4den, die er erleiden kann.<\/p><\/li><li data-sourcepos=\"19:1-22:0\"><p data-sourcepos=\"19:5-19:317\">Der Mieter erkl\u00e4rt, vollj\u00e4hrig und in vollem k\u00f6rperlichen und geistigen Zustand zu sein. Er erkl\u00e4rt au\u00dferdem, bei bester Gesundheit zu sein, \u00fcber die notwendigen Kenntnisse und Erfahrungen f\u00fcr die Nutzung des Mietmaterials zu verf\u00fcgen und das Risiko zu \u00fcbernehmen, diese Aktivit\u00e4t auf eigene Gefahr durchzuf\u00fchren.<\/p><p data-sourcepos=\"21:5-21:243\">Der Mieter verpflichtet sich, das Unternehmen \u00fcber alle medizinischen oder psychischen Risiken zu informieren, die ihn betreffen k\u00f6nnten. Das Unternehmen haftet nicht f\u00fcr Unf\u00e4lle, Sach- oder Personensch\u00e4den, die der Mieter erleiden k\u00f6nnte.<\/p><\/li><li data-sourcepos=\"23:1-30:0\"><p data-sourcepos=\"23:5-23:234\">Der Mieter hinterlegt zu diesem Zeitpunkt beim Vermieter eine Kaution per Kreditkarte oder in bar, die zur Deckung eventueller Sch\u00e4den am Fahrrad oder am Mietmaterial dient. Diese Kaution wird am Ende des Vertrags zur\u00fcckerstattet.<\/p><p data-sourcepos=\"25:5-25:433\">Bei Unfall, Besch\u00e4digung, Verlust oder Diebstahl des Fahrrads ist der Mieter verpflichtet, BANANABIKECANARIAS umgehend unter der angegebenen Telefonnummer zu benachrichtigen und verliert alle Anspr\u00fcche auf R\u00fcckerstattung der Kaution sowie auf R\u00fcckerstattung oder Entsch\u00e4digung f\u00fcr die nicht genutzten Miettage. Dar\u00fcber hinaus muss er den Vermieter mit dem zwischen beiden Parteien vereinbarten Betrag gem\u00e4\u00df Ziffer 3 entsch\u00e4digen.<\/p><p data-sourcepos=\"27:5-27:345\">Die Nutzung des Fahrrads ist ausschlie\u00dflich dem Mieter vorbehalten, es sei denn, BANANABIKECANARIAS wird \u00fcber die Nutzung durch Dritte informiert, die in einem Anhang zu diesem Vertrag identifiziert werden. Der Mieter \u00fcbernimmt die Verantwortung f\u00fcr die Handlungen dieser Dritten und f\u00fcr die Information \u00fcber die Bedingungen dieses Vertrags.<\/p><p data-sourcepos=\"29:5-29:165\">Der Mieter darf das Fahrrad oder Teile davon sowie die mitgelieferten Werkzeuge und Elemente nicht abtreten, verkaufen, verpf\u00e4nden, tauschen oder untervermieten.<\/p><\/li><li data-sourcepos=\"31:1-36:0\"><p data-sourcepos=\"31:5-31:208\">Die unsachgem\u00e4\u00dfe Nutzung des Fahrrads ist untersagt. Der Einbau von Zubeh\u00f6r oder Teilen am Mietfahrrad ist nur zul\u00e4ssig, wenn diese vom Mechanikerpersonal von BANANABIKECANARIAS ein- und ausgebaut werden.<\/p><p data-sourcepos=\"33:5-33:213\">Ebenso ist der Transport des Fahrrads ohne vorherige Genehmigung des Vermieters au\u00dferhalb der Insel, auf der es geliefert wird, sowie die Nutzung des Mietfahrrads bei Amateur- oder Profiwettbewerben untersagt.<\/p><p data-sourcepos=\"35:5-35:279\">Es liegt in der Verantwortung des Mieters und seiner Begleitperson(en), die spanischen Verkehrsregeln einzuhalten. Das Tragen eines Helms ist au\u00dferhalb geschlossener Ortschaften Pflicht, und bei der Durchfahrt durch Tunnel ist das Mitf\u00fchren von Vorder- und R\u00fccklicht Pflicht.<\/p><\/li><li data-sourcepos=\"37:1-38:0\"><p data-sourcepos=\"37:5-37:392\">Die vom Kunden angegebenen Daten werden ausschlie\u00dflich zur ordnungsgem\u00e4\u00dfen Erbringung der vertraglich vereinbarten Leistung verwendet. Gem\u00e4\u00df dem Organgesetz 3\/2018 vom 5. Dezember zum Schutz personenbezogener Daten und zur Gew\u00e4hrleistung digitaler Rechte k\u00f6nnen sie den Zugriff, die Berichtigung, L\u00f6schung oder den Widerspruch \u00fcber jedes Kommunikationsmittel mit dem Vermieter beantragen.<\/p><\/li><li data-sourcepos=\"39:1-40:0\"><p data-sourcepos=\"39:5-39:275\">Der Kunde erkl\u00e4rt, dass er die spezifische Verwendung des Mietmaterials sowie die grundlegenden Sicherheits-, Verhaltens- und Umweltschutzhinweise, die die Organisation bei der \u00dcbergabe des Mietmaterials gibt, gelesen, geh\u00f6rt, verstanden und bei Zweifeln nachgefragt hat.<\/p><\/li><li data-sourcepos=\"41:1-42:0\"><p data-sourcepos=\"41:5-41:371\">Dieser Vertrag unterliegt spanischem Recht, und der Kunde akzeptiert dessen Bedingungen. Die unterzeichneten Bedingungen gelten f\u00fcr alle von BANANABIKECANARIAS erbrachten Dienstleistungen. Streitigkeiten, die w\u00e4hrend der Laufzeit dieses Vertrags entstehen k\u00f6nnen, werden von den Gerichten von Las Palmas de Gran Canaria beigelegt, denen sich die Parteien unterwerfen.<\/p><\/li><\/ol><p data-sourcepos=\"43:1-43:96\"><strong>Ich habe die Vertragsbedingungen gelesen und vollst\u00e4ndig verstanden und stimme allen Punkten zu.<\/strong><\/p><\/div><\/div><\/div><\/div><\/div><\/div><\/div>\t\t\t\t\t\t\t\t<\/div>\n\t\t\t\t<\/div>\n\t\t\t\t\t<\/div>\n\t\t<\/div>\n\t\t\t\t\t<\/div>\n\t\t<\/section>\n\t\t\t\t<\/div>\n\t\t","protected":false},"excerpt":{"rendered":"<p>BESONDERE GESCH\u00c4FTSBEDINGUNGEN DES MIETVERTRAGS Die Fahrr\u00e4der und das Mietmaterial werden am von beiden Parteien vereinbarten Ort, zum vereinbarten Datum und zur vereinbarten Zeit geliefert und abgeholt. Erfolgt die R\u00fcckgabe nicht am im Vertrag festgelegten Tag, erh\u00f6ht sich die zus\u00e4tzliche Geb\u00fchr auf das Doppelte des t\u00e4glichen Mietpreises. Bei Nichtr\u00fcckgabe kann der Vermieter das Fahrrad am Standort, [&hellip;]<\/p>\n","protected":false},"author":2,"featured_media":0,"parent":0,"menu_order":0,"comment_status":"closed","ping_status":"closed","template":"","meta":{"_joinchat":[],"footnotes":""},"class_list":["post-1272","page","type-page","status-publish","hentry"],"yoast_head":"<!-- This site is optimized with the Yoast SEO plugin v27.3 - https:\/\/yoast.com\/product\/yoast-seo-wordpress\/ -->\n<title>Leasing-Bedingungen - Banana Bike Canarias<\/title>\n<meta name=\"robots\" content=\"index, follow, max-snippet:-1, max-image-preview:large, max-video-preview:-1\" \/>\n<link rel=\"canonical\" href=\"https:\/\/bananabikecanarias.com\/de\/leasing-bedingungen\/\" \/>\n<meta property=\"og:locale\" content=\"de_DE\" \/>\n<meta property=\"og:type\" content=\"article\" \/>\n<meta property=\"og:title\" content=\"Leasing-Bedingungen - Banana Bike Canarias\" \/>\n<meta property=\"og:description\" content=\"BESONDERE GESCH\u00c4FTSBEDINGUNGEN DES MIETVERTRAGS Die Fahrr\u00e4der und das Mietmaterial werden am von beiden Parteien vereinbarten Ort, zum vereinbarten Datum und zur vereinbarten Zeit geliefert und abgeholt. Erfolgt die R\u00fcckgabe nicht am im Vertrag festgelegten Tag, erh\u00f6ht sich die zus\u00e4tzliche Geb\u00fchr auf das Doppelte des t\u00e4glichen Mietpreises. Bei Nichtr\u00fcckgabe kann der Vermieter das Fahrrad am Standort, [&hellip;]\" \/>\n<meta property=\"og:url\" content=\"https:\/\/bananabikecanarias.com\/de\/leasing-bedingungen\/\" \/>\n<meta property=\"og:site_name\" content=\"Banana Bike Canarias\" \/>\n<meta property=\"article:modified_time\" content=\"2026-02-03T14:07:37+00:00\" \/>\n<meta name=\"twitter:card\" content=\"summary_large_image\" \/>\n<meta name=\"twitter:label1\" content=\"Gesch\u00e4tzte Lesezeit\" \/>\n\t<meta name=\"twitter:data1\" content=\"5\u00a0Minuten\" \/>\n<script type=\"application\/ld+json\" class=\"yoast-schema-graph\">{\"@context\":\"https:\\\/\\\/schema.org\",\"@graph\":[{\"@type\":\"WebPage\",\"@id\":\"https:\\\/\\\/bananabikecanarias.com\\\/de\\\/leasing-bedingungen\\\/\",\"url\":\"https:\\\/\\\/bananabikecanarias.com\\\/de\\\/leasing-bedingungen\\\/\",\"name\":\"Leasing-Bedingungen - Banana Bike Canarias\",\"isPartOf\":{\"@id\":\"https:\\\/\\\/bananabikecanarias.com\\\/de\\\/#website\"},\"datePublished\":\"2025-03-26T17:53:56+00:00\",\"dateModified\":\"2026-02-03T14:07:37+00:00\",\"breadcrumb\":{\"@id\":\"https:\\\/\\\/bananabikecanarias.com\\\/de\\\/leasing-bedingungen\\\/#breadcrumb\"},\"inLanguage\":\"de\",\"potentialAction\":[{\"@type\":\"ReadAction\",\"target\":[\"https:\\\/\\\/bananabikecanarias.com\\\/de\\\/leasing-bedingungen\\\/\"]}]},{\"@type\":\"BreadcrumbList\",\"@id\":\"https:\\\/\\\/bananabikecanarias.com\\\/de\\\/leasing-bedingungen\\\/#breadcrumb\",\"itemListElement\":[{\"@type\":\"ListItem\",\"position\":1,\"name\":\"Portada\",\"item\":\"https:\\\/\\\/bananabikecanarias.com\\\/de\\\/\"},{\"@type\":\"ListItem\",\"position\":2,\"name\":\"Leasing-Bedingungen\"}]},{\"@type\":\"WebSite\",\"@id\":\"https:\\\/\\\/bananabikecanarias.com\\\/de\\\/#website\",\"url\":\"https:\\\/\\\/bananabikecanarias.com\\\/de\\\/\",\"name\":\"Banana Bike Canarias\",\"description\":\"Vermietung von Fahrr\u00e4dern auf Gran Canaria\",\"potentialAction\":[{\"@type\":\"SearchAction\",\"target\":{\"@type\":\"EntryPoint\",\"urlTemplate\":\"https:\\\/\\\/bananabikecanarias.com\\\/de\\\/?s={search_term_string}\"},\"query-input\":{\"@type\":\"PropertyValueSpecification\",\"valueRequired\":true,\"valueName\":\"search_term_string\"}}],\"inLanguage\":\"de\"}]}<\/script>\n<!-- \/ Yoast SEO plugin. -->","yoast_head_json":{"title":"Leasing-Bedingungen - Banana Bike Canarias","robots":{"index":"index","follow":"follow","max-snippet":"max-snippet:-1","max-image-preview":"max-image-preview:large","max-video-preview":"max-video-preview:-1"},"canonical":"https:\/\/bananabikecanarias.com\/de\/leasing-bedingungen\/","og_locale":"de_DE","og_type":"article","og_title":"Leasing-Bedingungen - Banana Bike Canarias","og_description":"BESONDERE GESCH\u00c4FTSBEDINGUNGEN DES MIETVERTRAGS Die Fahrr\u00e4der und das Mietmaterial werden am von beiden Parteien vereinbarten Ort, zum vereinbarten Datum und zur vereinbarten Zeit geliefert und abgeholt. Erfolgt die R\u00fcckgabe nicht am im Vertrag festgelegten Tag, erh\u00f6ht sich die zus\u00e4tzliche Geb\u00fchr auf das Doppelte des t\u00e4glichen Mietpreises. Bei Nichtr\u00fcckgabe kann der Vermieter das Fahrrad am Standort, [&hellip;]","og_url":"https:\/\/bananabikecanarias.com\/de\/leasing-bedingungen\/","og_site_name":"Banana Bike Canarias","article_modified_time":"2026-02-03T14:07:37+00:00","twitter_card":"summary_large_image","twitter_misc":{"Gesch\u00e4tzte Lesezeit":"5\u00a0Minuten"},"schema":{"@context":"https:\/\/schema.org","@graph":[{"@type":"WebPage","@id":"https:\/\/bananabikecanarias.com\/de\/leasing-bedingungen\/","url":"https:\/\/bananabikecanarias.com\/de\/leasing-bedingungen\/","name":"Leasing-Bedingungen - Banana Bike Canarias","isPartOf":{"@id":"https:\/\/bananabikecanarias.com\/de\/#website"},"datePublished":"2025-03-26T17:53:56+00:00","dateModified":"2026-02-03T14:07:37+00:00","breadcrumb":{"@id":"https:\/\/bananabikecanarias.com\/de\/leasing-bedingungen\/#breadcrumb"},"inLanguage":"de","potentialAction":[{"@type":"ReadAction","target":["https:\/\/bananabikecanarias.com\/de\/leasing-bedingungen\/"]}]},{"@type":"BreadcrumbList","@id":"https:\/\/bananabikecanarias.com\/de\/leasing-bedingungen\/#breadcrumb","itemListElement":[{"@type":"ListItem","position":1,"name":"Portada","item":"https:\/\/bananabikecanarias.com\/de\/"},{"@type":"ListItem","position":2,"name":"Leasing-Bedingungen"}]},{"@type":"WebSite","@id":"https:\/\/bananabikecanarias.com\/de\/#website","url":"https:\/\/bananabikecanarias.com\/de\/","name":"Banana Bike Canarias","description":"Vermietung von Fahrr\u00e4dern auf Gran Canaria","potentialAction":[{"@type":"SearchAction","target":{"@type":"EntryPoint","urlTemplate":"https:\/\/bananabikecanarias.com\/de\/?s={search_term_string}"},"query-input":{"@type":"PropertyValueSpecification","valueRequired":true,"valueName":"search_term_string"}}],"inLanguage":"de"}]}},"_links":{"self":[{"href":"https:\/\/bananabikecanarias.com\/de\/wp-json\/wp\/v2\/pages\/1272","targetHints":{"allow":["GET"]}}],"collection":[{"href":"https:\/\/bananabikecanarias.com\/de\/wp-json\/wp\/v2\/pages"}],"about":[{"href":"https:\/\/bananabikecanarias.com\/de\/wp-json\/wp\/v2\/types\/page"}],"author":[{"embeddable":true,"href":"https:\/\/bananabikecanarias.com\/de\/wp-json\/wp\/v2\/users\/2"}],"replies":[{"embeddable":true,"href":"https:\/\/bananabikecanarias.com\/de\/wp-json\/wp\/v2\/comments?post=1272"}],"version-history":[{"count":10,"href":"https:\/\/bananabikecanarias.com\/de\/wp-json\/wp\/v2\/pages\/1272\/revisions"}],"predecessor-version":[{"id":1339,"href":"https:\/\/bananabikecanarias.com\/de\/wp-json\/wp\/v2\/pages\/1272\/revisions\/1339"}],"wp:attachment":[{"href":"https:\/\/bananabikecanarias.com\/de\/wp-json\/wp\/v2\/media?parent=1272"}],"curies":[{"name":"wp","href":"https:\/\/api.w.org\/{rel}","templated":true}]}}